{"id":10,"date":"2018-10-08T10:52:29","date_gmt":"2018-10-08T13:52:29","guid":{"rendered":"http:\/\/eventos.ifrn.edu.br\/lasemanae\/?page_id=10"},"modified":"2018-10-29T17:50:38","modified_gmt":"2018-10-29T19:50:38","slug":"sobre-o-evento","status":"publish","type":"page","link":"http:\/\/eventos.ifrn.edu.br\/lasemanae\/sobre-o-evento\/","title":{"rendered":"Sobre o Evento"},"content":{"rendered":"<p><img loading=\"lazy\" decoding=\"async\" class=\"alignnone size-medium wp-image-78 alignright\" src=\"http:\/\/eventos.ifrn.edu.br\/lasemanae\/wp-content\/uploads\/2018\/10\/Logo-Marca-LA-SEMANA-E-material-para-aquisi\u00e7\u00e3o-297x300.jpg\" alt=\"\" width=\"297\" height=\"300\" srcset=\"http:\/\/eventos.ifrn.edu.br\/lasemanae\/wp-content\/uploads\/2018\/10\/Logo-Marca-LA-SEMANA-E-material-para-aquisi\u00e7\u00e3o-297x300.jpg 297w, http:\/\/eventos.ifrn.edu.br\/lasemanae\/wp-content\/uploads\/2018\/10\/Logo-Marca-LA-SEMANA-E-material-para-aquisi\u00e7\u00e3o-768x777.jpg 768w, http:\/\/eventos.ifrn.edu.br\/lasemanae\/wp-content\/uploads\/2018\/10\/Logo-Marca-LA-SEMANA-E-material-para-aquisi\u00e7\u00e3o-1012x1024.jpg 1012w\" sizes=\"auto, (max-width: 297px) 100vw, 297px\" \/><\/p>\n<p>A oferta obrigat\u00f3ria do Espanhol em escolas p\u00fablicas brasileiras de n\u00edvel m\u00e9dio foi introduzida em 2005 por meio da lei 11.161. No entanto, a referida legisla\u00e7\u00e3o foi revogada em 2017 pela lei 13.415, tornando a oferta do idioma facultativa no ensino m\u00e9dio das escolas p\u00fablicas e privadas do pa\u00eds.<\/p>\n<p>Tal retrocesso suscitou em n\u00f3s, professores de l\u00edngua estrangeira do IFRN, <em>campus<\/em> Apodi em parceria com os docentes de espanhol da rede p\u00fablica apodiense, o interesse em realizar um evento de extens\u00e3o que ressaltasse para a comunidade escolar e para sociedade local a import\u00e2ncia da l\u00edngua espanhola no ensino m\u00e9dio p\u00fablico.<\/p>\n<p>O evento intitulado \u201cLa semana E\u201d, prop\u00f5e como tem\u00e1tica para esta edi\u00e7\u00e3o introdut\u00f3ria: \u201cLas muchas maneras de hablar espa\u00f1ol: A pluralidade da l\u00edngua espanhola na Am\u00e9rica Hisp\u00e2nica\u201d, com foco na diversidade lingu\u00edstica e cultural do espanhol no continente americano.<\/p>\n<p>Nosso objetivo com este evento \u00e9 promover a difus\u00e3o e a valoriza\u00e7\u00e3o da cultura e da l\u00edngua espanhola entre os alunos do ensino m\u00e9dio da rede p\u00fablica em Apodi, por meio da socializa\u00e7\u00e3o de trabalhos desenvolvidos e experi\u00eancias vivenciadas por discentes e docentes em sala de aula, bem como, por meio da realiza\u00e7\u00e3o de oficinas e apresenta\u00e7\u00f5es art\u00edsticas-culturais.<\/p>\n<p>A relev\u00e2ncia de um evento deste tipo, para o p\u00fablico aqui especificado \u00e9 evidente ao consideramos que o ensino-aprendizagem de uma l\u00edngua estrangeira n\u00e3o deve atender unicamente a meros interesses tecnicistas e mercadol\u00f3gicos, mas tamb\u00e9m, e principalmente, deve estar relacionada a forma\u00e7\u00e3o integral do aluno (PELOTAS, 2000).<\/p>\n<p>Dessa forma, esperamos com este evento agu\u00e7ar nos discentes de n\u00edvel m\u00e9dio da rede p\u00fablica apodiense o interesse pelo estudo do idioma espanhol e a valoriza\u00e7\u00e3o dos aspectos\u00a0 lingu\u00edsticos e culturais dos pa\u00edses que possuem o espanhol como idioma oficial no continente americano.<\/p>\n<p style=\"text-align: right;\">Helena Fernandes<\/p>\n<p style=\"text-align: right;\">(Professora de Espanhol no IFRN, campus Apodi e coordenadora do evento de extens\u00e3o &#8220;La Semana E&#8221;)<\/p>\n","protected":false},"excerpt":{"rendered":"<div class=\"slide-text-bg2\"><span>A oferta obrigat\u00f3ria do Espanhol em escolas p\u00fablicas brasileiras de n\u00edvel m\u00e9dio foi introduzida em 2005 por meio da lei 11.161. No entanto, a referida <\/span><\/div>\n<div class=\"slide-btn-area-sm\"><a href=\"http:\/\/eventos.ifrn.edu.br\/lasemanae\/sobre-o-evento\/\" class=\"slide-btn-sm\">Ler mais<\/a><\/div>\n","protected":false},"author":1,"featured_media":0,"parent":0,"menu_order":0,"comment_status":"closed","ping_status":"closed","template":"","meta":{"footnotes":""},"class_list":["post-10","page","type-page","status-publish","hentry"],"_links":{"self":[{"href":"http:\/\/eventos.ifrn.edu.br\/lasemanae\/wp-json\/wp\/v2\/pages\/10","targetHints":{"allow":["GET"]}}],"collection":[{"href":"http:\/\/eventos.ifrn.edu.br\/lasemanae\/wp-json\/wp\/v2\/pages"}],"about":[{"href":"http:\/\/eventos.ifrn.edu.br\/lasemanae\/wp-json\/wp\/v2\/types\/page"}],"author":[{"embeddable":true,"href":"http:\/\/eventos.ifrn.edu.br\/lasemanae\/wp-json\/wp\/v2\/users\/1"}],"replies":[{"embeddable":true,"href":"http:\/\/eventos.ifrn.edu.br\/lasemanae\/wp-json\/wp\/v2\/comments?post=10"}],"version-history":[{"count":3,"href":"http:\/\/eventos.ifrn.edu.br\/lasemanae\/wp-json\/wp\/v2\/pages\/10\/revisions"}],"predecessor-version":[{"id":79,"href":"http:\/\/eventos.ifrn.edu.br\/lasemanae\/wp-json\/wp\/v2\/pages\/10\/revisions\/79"}],"wp:attachment":[{"href":"http:\/\/eventos.ifrn.edu.br\/lasemanae\/wp-json\/wp\/v2\/media?parent=10"}],"curies":[{"name":"wp","href":"https:\/\/api.w.org\/{rel}","templated":true}]}}