{"id":100,"date":"2018-11-01T10:51:18","date_gmt":"2018-11-01T12:51:18","guid":{"rendered":"http:\/\/eventos.ifrn.edu.br\/lasemanae\/?page_id=100"},"modified":"2018-11-16T17:59:58","modified_gmt":"2018-11-16T19:59:58","slug":"exposicoes","status":"publish","type":"page","link":"http:\/\/eventos.ifrn.edu.br\/lasemanae\/exposicoes\/","title":{"rendered":"Exposi\u00e7\u00f5es"},"content":{"rendered":"<p>&nbsp;<\/p>\n<p><img loading=\"lazy\" decoding=\"async\" class=\"alignnone wp-image-213 size-full\" src=\"http:\/\/eventos.ifrn.edu.br\/lasemanae\/wp-content\/uploads\/2018\/11\/EXPOSI\u00c7\u00d5ES.png\" alt=\"\" width=\"1240\" height=\"700\" srcset=\"http:\/\/eventos.ifrn.edu.br\/lasemanae\/wp-content\/uploads\/2018\/11\/EXPOSI\u00c7\u00d5ES.png 1240w, http:\/\/eventos.ifrn.edu.br\/lasemanae\/wp-content\/uploads\/2018\/11\/EXPOSI\u00c7\u00d5ES-300x169.png 300w, http:\/\/eventos.ifrn.edu.br\/lasemanae\/wp-content\/uploads\/2018\/11\/EXPOSI\u00c7\u00d5ES-768x434.png 768w, http:\/\/eventos.ifrn.edu.br\/lasemanae\/wp-content\/uploads\/2018\/11\/EXPOSI\u00c7\u00d5ES-1024x578.png 1024w\" sizes=\"auto, (max-width: 1240px) 100vw, 1240px\" \/><\/p>\n<p>As exposi\u00e7\u00f5es objetivam permitir aos alunos de ensino m\u00e9dio a apresenta\u00e7\u00e3o de trabalhos desenvolvidos em sala de aula, em equipe e sob orienta\u00e7\u00e3o dos docentes respons\u00e1veis por cada turma e escola. \u00c9 uma oportunidade dos alunos aprenderem de forma diferenciada sobre a l\u00edngua e cultura dos pa\u00edses que falam espanhol como l\u00edngua oficial no continente americano e ainda romperem com a timidez e exercitarem seus talentos.<\/p>\n<p>CONHE\u00c7A NOSSAS EXPOSI\u00c7\u00d5ES E MURAIS INSCRITOS:<\/p>\n<ul>\n<li>Exposi\u00e7\u00e3o: \u201cFiestas tradicionales uruguayas\u201d- 3\u00ba ano\u00a0E. E.\u00a0 Maria Zenilda Gama Torres\/Apodi<\/li>\n<li>Exposi\u00e7\u00e3o: \u201cCoco loco Colombia&#8221; &#8211; 3\u00ba ano de Agropecu\u00e1ria- IFRN\/Apodi<\/li>\n<li>Exposi\u00e7\u00e3o: \u201cEl Festival de los dominicanos&#8221;\u00a0&#8211; 4\u00ba ano de Inform\u00e1tica- IFRN\/Apodi<\/li>\n<li>Exposi\u00e7\u00e3o: \u201cUn poco de cultura hispana: Nicaragua\u201d &#8211; 1\u00ba ano E. E.\u00a0 Professor Ant\u00f4nio Dantas\/Apodi<\/li>\n<li>Exposi\u00e7\u00e3o: \u201cUn poco de cultura hispana: Honduras\u201d\u00a0&#8211; 1\u00ba ano E. E.\u00a0 Professor Ant\u00f4nio Dantas\/Apodi<\/li>\n<li>Exposi\u00e7\u00e3o: \u201cUn poco de cultura hispana: Guatemala\u201d\u00a0&#8211; 1\u00ba ano E. E.\u00a0 Professor Ant\u00f4nio Dantas\/Apodi<\/li>\n<li>Exposi\u00e7\u00e3o: \u201cA decad\u00eancia da Venezuela\u201d- 1\u00ba ano E. E.\u00a0 Professor Ant\u00f4nio Dantas\/Apodi<\/li>\n<li>Mostra fotogr\u00e1fica: \u201cSientes lo que escuchas?\u201d\u00a0&#8211; 3\u00ba ano de Agropecu\u00e1ria- IFRN\/Apodi<\/li>\n<li>Mostra de Infografias: \u201cVoces de un solo grito\u201d\u00a0&#8211; 4\u00ba ano de Biocombust\u00edveis- IFRN\/Apodi<\/li>\n<li>Mural: \u201cUn poco de cultura hispana: Costa Rica\u201d\u00a0&#8211; 3\u00ba ano\u00a0E. E.\u00a0 Ant\u00f4nio Francisco\/Felipe Guerra<\/li>\n<li>Mural: \u201cHeran\u00e7a Ind\u00edgena peruana\u201d &#8211; 3\u00ba ano\u00a0E. E.\u00a0 Ant\u00f4nio Francisco\/Felipe Guerra<\/li>\n<li>Mural: \u201cCuba: el pa\u00eds socialista de Am\u00e9rica\u201d\u00a0&#8211; 1\u00ba ano\u00a0E. E.\u00a0 Maria Zenilda Gama Torres\/Apodi<\/li>\n<li>Mural: \u201cLas curiosidades cubanas\u201d- 1\u00ba ano\u00a0E. E.\u00a0 Maria Zenilda Gama Torres\/Apodi<\/li>\n<li>Mural: \u201cEl Caf\u00e9 Colombiano\u201d- 3\u00ba ano\u00a0E. E.\u00a0 Jos\u00e9 Cl\u00e1udio Alves\/Taboleiro<\/li>\n<li>Mural: \u201cEl turismo en el M\u00e9xico\u201d- 3\u00ba ano\u00a0E. E.\u00a0 Valdemiro Pedro Viana\/Santa Rosa<\/li>\n<li>Mural: \u201cSabores Mexicanos\u201d- 1\u00ba ano\u00a0E. E.\u00a0 Valdemiro Pedro Viana\/Santa Rosa<\/li>\n<li>Mural: \u201cUna chica llamada Mafalda\u201d\u00a0&#8211; 1\u00ba, 2\u00ba e 3\u00ba ano\u00a0E. E.\u00a0 Sebasti\u00e3o Gomes de Oliveira\/Melancias<\/li>\n<li>Mural: \u201cEspa\u00f1ol de la frontera: Brasil y Uruguay\u201d- 3\u00ba ano\u00a0E. E.\u00a0 Maria Zenilda Gama Torres\/Apodi<\/li>\n<li>Mural: \u201cEl biling\u00fcismo en Paraguay\u201d- 2\u00ba ano\u00a0E. E.\u00a0 Maria Zenilda Gama Torres\/Apodi<\/li>\n<\/ul>\n","protected":false},"excerpt":{"rendered":"<div class=\"slide-text-bg2\"><span>&nbsp; As exposi\u00e7\u00f5es objetivam permitir aos alunos de ensino m\u00e9dio a apresenta\u00e7\u00e3o de trabalhos desenvolvidos em sala de aula, em equipe e sob orienta?<\/span><\/div>\n<div class=\"slide-btn-area-sm\"><a href=\"http:\/\/eventos.ifrn.edu.br\/lasemanae\/exposicoes\/\" class=\"slide-btn-sm\">Ler mais<\/a><\/div>\n","protected":false},"author":2,"featured_media":0,"parent":0,"menu_order":0,"comment_status":"closed","ping_status":"closed","template":"","meta":{"footnotes":""},"class_list":["post-100","page","type-page","status-publish","hentry"],"_links":{"self":[{"href":"http:\/\/eventos.ifrn.edu.br\/lasemanae\/wp-json\/wp\/v2\/pages\/100","targetHints":{"allow":["GET"]}}],"collection":[{"href":"http:\/\/eventos.ifrn.edu.br\/lasemanae\/wp-json\/wp\/v2\/pages"}],"about":[{"href":"http:\/\/eventos.ifrn.edu.br\/lasemanae\/wp-json\/wp\/v2\/types\/page"}],"author":[{"embeddable":true,"href":"http:\/\/eventos.ifrn.edu.br\/lasemanae\/wp-json\/wp\/v2\/users\/2"}],"replies":[{"embeddable":true,"href":"http:\/\/eventos.ifrn.edu.br\/lasemanae\/wp-json\/wp\/v2\/comments?post=100"}],"version-history":[{"count":4,"href":"http:\/\/eventos.ifrn.edu.br\/lasemanae\/wp-json\/wp\/v2\/pages\/100\/revisions"}],"predecessor-version":[{"id":214,"href":"http:\/\/eventos.ifrn.edu.br\/lasemanae\/wp-json\/wp\/v2\/pages\/100\/revisions\/214"}],"wp:attachment":[{"href":"http:\/\/eventos.ifrn.edu.br\/lasemanae\/wp-json\/wp\/v2\/media?parent=100"}],"curies":[{"name":"wp","href":"https:\/\/api.w.org\/{rel}","templated":true}]}}