{"id":12,"date":"2018-10-08T10:52:54","date_gmt":"2018-10-08T13:52:54","guid":{"rendered":"http:\/\/eventos.ifrn.edu.br\/lasemanae\/?page_id=12"},"modified":"2018-11-16T18:50:52","modified_gmt":"2018-11-16T20:50:52","slug":"torneios","status":"publish","type":"page","link":"http:\/\/eventos.ifrn.edu.br\/lasemanae\/torneios\/","title":{"rendered":"Torneios"},"content":{"rendered":"<h2>La voz<\/h2>\n<p>O torneio &#8220;La Voz&#8221; \u00e9 uma competi\u00e7\u00e3o de karaok\u00ea de m\u00fasica latina e objetiva dentre outras coisas, o desenvolvimento da habilidade comunicativa por meio da interpreta\u00e7\u00e3o de can\u00e7\u00f5es e incentivar o talento e aptid\u00f5es art\u00edsticas de estudantes do n\u00edvel m\u00e9dio.<\/p>\n<p><a href=\"http:\/\/eventos.ifrn.edu.br\/lasemanae\/la-voz\/\"><strong>Regulamento<\/strong> <\/a>| <a href=\"http:\/\/encurtador.com.br\/jkzI9\"><strong>Inscri\u00e7\u00e3o<\/strong><\/a><\/p>\n<h2>Solo Baile<\/h2>\n<p>O Solo Baile \u00e9 um torneio de dan\u00e7a que utiliza o Just Dance(c) para prover uma pontua\u00e7\u00e3o t\u00e9cnica, por\u00e9m, tamb\u00e9m considera outros elementos como harmonia e caracteriza\u00e7\u00e3o dos participantes.<\/p>\n<p><a href=\"http:\/\/eventos.ifrn.edu.br\/lasemanae\/solo-baile\/\"><strong>Regulamento<\/strong><\/a> | <a href=\"http:\/\/encurtador.com.br\/bhI58\"><strong>Inscri\u00e7\u00e3o<\/strong><\/a><\/p>\n","protected":false},"excerpt":{"rendered":"<div class=\"slide-text-bg2\"><span>La voz O torneio &#8220;La Voz&#8221; \u00e9 uma competi\u00e7\u00e3o de karaok\u00ea de m\u00fasica latina e objetiva dentre outras coisas, o desenvolvimento da habilidade co<\/span><\/div>\n<div class=\"slide-btn-area-sm\"><a href=\"http:\/\/eventos.ifrn.edu.br\/lasemanae\/torneios\/\" class=\"slide-btn-sm\">Ler mais<\/a><\/div>\n","protected":false},"author":1,"featured_media":0,"parent":0,"menu_order":0,"comment_status":"closed","ping_status":"closed","template":"","meta":{"footnotes":""},"class_list":["post-12","page","type-page","status-publish","hentry"],"_links":{"self":[{"href":"http:\/\/eventos.ifrn.edu.br\/lasemanae\/wp-json\/wp\/v2\/pages\/12","targetHints":{"allow":["GET"]}}],"collection":[{"href":"http:\/\/eventos.ifrn.edu.br\/lasemanae\/wp-json\/wp\/v2\/pages"}],"about":[{"href":"http:\/\/eventos.ifrn.edu.br\/lasemanae\/wp-json\/wp\/v2\/types\/page"}],"author":[{"embeddable":true,"href":"http:\/\/eventos.ifrn.edu.br\/lasemanae\/wp-json\/wp\/v2\/users\/1"}],"replies":[{"embeddable":true,"href":"http:\/\/eventos.ifrn.edu.br\/lasemanae\/wp-json\/wp\/v2\/comments?post=12"}],"version-history":[{"count":9,"href":"http:\/\/eventos.ifrn.edu.br\/lasemanae\/wp-json\/wp\/v2\/pages\/12\/revisions"}],"predecessor-version":[{"id":220,"href":"http:\/\/eventos.ifrn.edu.br\/lasemanae\/wp-json\/wp\/v2\/pages\/12\/revisions\/220"}],"wp:attachment":[{"href":"http:\/\/eventos.ifrn.edu.br\/lasemanae\/wp-json\/wp\/v2\/media?parent=12"}],"curies":[{"name":"wp","href":"https:\/\/api.w.org\/{rel}","templated":true}]}}