{"id":14,"date":"2018-10-08T10:53:11","date_gmt":"2018-10-08T13:53:11","guid":{"rendered":"http:\/\/eventos.ifrn.edu.br\/lasemanae\/?page_id=14"},"modified":"2018-11-01T20:28:48","modified_gmt":"2018-11-01T22:28:48","slug":"oficinas","status":"publish","type":"page","link":"http:\/\/eventos.ifrn.edu.br\/lasemanae\/oficinas\/","title":{"rendered":"Oficinas"},"content":{"rendered":"<p><strong>OFICINA DE CULTURA URUGUAIA<\/strong><\/p>\n<p>O objetivo dessa oficina \u00e9 apresentar alguns costumes uruguaios e compar\u00e1-los com a cultura do sul do Brasil. Al\u00e9m de mostrar como \u00e9 o Uruguai e a vida neste pa\u00eds: suas comidas, festas, hist\u00f3ria, alguns aspectos fonol\u00f3gicos, culturais e lexicais e liter\u00e1rios deste pa\u00eds. Ser\u00e1, portanto, uma conversa informal sobre a l\u00edngua, hist\u00f3ria, literatura e cultura uruguaia.<\/p>\n<p>Data: 21 de novembro<\/p>\n<p>Dura\u00e7\u00e3o: 2hs:30min<\/p>\n<p>Quantidade de vagas: 20<\/p>\n<p>Inscri\u00e7\u00e3o:<\/p>\n<p>SAIBA MAIS SOBRE O MINISTRANTE DESSA OFICINA<\/p>\n<p class=\"resumo\"><img loading=\"lazy\" decoding=\"async\" class=\"wp-image-95 size-thumbnail alignleft\" src=\"http:\/\/eventos.ifrn.edu.br\/lasemanae\/wp-content\/uploads\/2018\/10\/WhatsApp-Image-2018-10-31-at-11.32.213-150x150.jpeg\" alt=\"\" width=\"150\" height=\"150\" srcset=\"http:\/\/eventos.ifrn.edu.br\/lasemanae\/wp-content\/uploads\/2018\/10\/WhatsApp-Image-2018-10-31-at-11.32.213-150x150.jpeg 150w, http:\/\/eventos.ifrn.edu.br\/lasemanae\/wp-content\/uploads\/2018\/10\/WhatsApp-Image-2018-10-31-at-11.32.213-298x300.jpeg 298w, http:\/\/eventos.ifrn.edu.br\/lasemanae\/wp-content\/uploads\/2018\/10\/WhatsApp-Image-2018-10-31-at-11.32.213.jpeg 719w\" sizes=\"auto, (max-width: 150px) 100vw, 150px\" \/>M\u00f4nica Mari\u00f1o \u00e9 licenciada em Letras pela Universidade Federal do Rio Grande do Sul (1991), mestrado em Letras pela Universidade Federal do Rio Grande do Sul (2007), e doutorado em Letras &#8211; UFRGS (2017) . Atualmente \u00e9 professor adjunto da Universidade Federal do Rio Grande do Sul. Tem experi\u00eancia na \u00e1rea de Letras, com \u00eanfase em L\u00edngua Espanhola, atuando principalmente nos seguintes temas: ensino de L\u00edngua Espanhola, aquisi\u00e7\u00e3o de L2, aquisi\u00e7\u00e3o de LE e material did\u00e1tico . Tamb\u00e9m coordena atualmente o projeto PIBID\/ESPANHOL- UFRGS e o N\u00facleo de Ensino de L\u00ednguas em Extens\u00e3o da UFRGS.<\/p>\n<p><img loading=\"lazy\" decoding=\"async\" class=\"alignright wp-image-96 size-full\" src=\"http:\/\/eventos.ifrn.edu.br\/lasemanae\/wp-content\/uploads\/2018\/10\/WhatsApp-Image-2018-10-31-at-11.12.06.jpeg\" alt=\"\" width=\"174\" height=\"289\" \/><\/p>\n<p>Henry Lorencena possui gradua\u00e7\u00e3o em Comunica\u00e7\u00e3o Social Publicidade e Propaganda pela Pontif\u00edcia Universidade Cat\u00f3lica do Rio Grande do Sul (1990), gradua\u00e7\u00e3o em Letras pela Pontif\u00edcia Universidade Cat\u00f3lica do Rio Grande do Sul (2002), mestrado em Ling\u00fc\u00edstica e Letras pela Pontif\u00edcia Universidade Cat\u00f3lica do Rio Grande do Sul (2005) e doutorado em Letras pela Universidade Federal do Rio Grande do Sul (2016). Atualmente \u00e9 professor efetivo do Col\u00e9gio de Aplica\u00e7\u00e3o da Universidade Federal do Rio Grande do Sul. Tem experi\u00eancia na \u00e1rea de Letras, com \u00eanfase em L\u00edngua Espanhola, atuando principalmente nos seguintes temas: pol\u00edticas lingu\u00edsticas, literatura psicologia cognitiva ensino de l\u00ednguas, portugu\u00eas do uruguai, contato espanhol\/portugu\u00eas e l\u00ednguas em contato. Integra a equipe de pesquisa do programa Trajet\u00f3rias Criativas, uma proposta metodol\u00f3gica para jovens de 15 a 17 anos que ainda est\u00e3o no Ensino Fundamental.<\/p>\n<p>&nbsp;<\/p>\n<p>&nbsp;<\/p>\n<p><strong>OFICINA DE DAN\u00c7A: &#8220;LAS CLAVES DE LA M\u00daSICA CUBANA&#8221;<\/strong><\/p>\n<p>Esta oficina \u201cLas claves de la m\u00fasica cubana\u201d,\u00a0ministrada pelo\u00a0\u00a0el Prof. Me. Daniel Augusto de Lima Mariano (DART\/UERN),\u00a0 pretende trabalhar alguns segredos b\u00e1sicos da m\u00fasica cubana para iniciantes. Para esta oficina n\u00e3o ser\u00e1 exigido nenhum conhecimento pr\u00e9vio de dan\u00e7a cubana ou possuir algum instrumento musical.<\/p>\n<p>Data: 21 de novembro.<\/p>\n<p>Dura\u00e7\u00e3o: 2 horas<\/p>\n<p>Quantidade de vagas: 20 vagas<\/p>\n<p>Inscri\u00e7\u00e3o<\/p>\n<p>SAIBA MAIS SOBRE O MINISTRANTE DESSA OFICINA<\/p>\n<p><img loading=\"lazy\" decoding=\"async\" class=\"size-medium wp-image-89 alignright\" src=\"http:\/\/eventos.ifrn.edu.br\/lasemanae\/wp-content\/uploads\/2018\/10\/DANIEL-SITE-300x200.jpeg\" alt=\"\" width=\"300\" height=\"200\" srcset=\"http:\/\/eventos.ifrn.edu.br\/lasemanae\/wp-content\/uploads\/2018\/10\/DANIEL-SITE-300x200.jpeg 300w, http:\/\/eventos.ifrn.edu.br\/lasemanae\/wp-content\/uploads\/2018\/10\/DANIEL-SITE-768x512.jpeg 768w, http:\/\/eventos.ifrn.edu.br\/lasemanae\/wp-content\/uploads\/2018\/10\/DANIEL-SITE-1024x682.jpeg 1024w, http:\/\/eventos.ifrn.edu.br\/lasemanae\/wp-content\/uploads\/2018\/10\/DANIEL-SITE.jpeg 1280w\" sizes=\"auto, (max-width: 300px) 100vw, 300px\" \/><\/p>\n<p>Daniel Mariano pratica M\u00fasica desde os seis anos, e Yoga desde os dezessete. Estes dois campos de conhecimento, com vieses educacionais, s\u00e3o os pilares nos quais o professor fundamenta suas a\u00e7\u00f5es no mundo. Nesta trajet\u00f3ria, graduou-se em Licenciatura em M\u00fasica (UEMG &#8211; 2004), desenvolvendo pr\u00e1ticas interdisciplinares no campo da Educa\u00e7\u00e3o em diversas vertentes, ampliadas pelas forma\u00e7\u00f5es nesta \u00e1rea (Mestrado em Educa\u00e7\u00e3o &#8211; UFPB, 2012; Especializa\u00e7\u00e3o em Educa\u00e7\u00e3o para a Gest\u00e3o de Conflitos &#8211; FADIRE, 2012; Mestrado em Educa\u00e7\u00e3o Musical &#8211; UFPB, 2015). Concomitante a estes processos, atua desde 2001 com pesquisa em m\u00fasica iberoamericana, que o levou a estudar a l\u00edngua espanhola em cursos de idiomas e aplicar este conhecimento em trabalhos art\u00edstico-musicais em grupos com m\u00fasicos oriundos de pa\u00edses da Am\u00e9rica Latina, nos quais p\u00f4de ampliar seu repert\u00f3rio lingu\u00edstico e a flu\u00eancia no idioma. Dirigiu o <em>\u00bfCh\u00e9vere!<\/em> &#8211; grupo musical com amplo repert\u00f3rio em cultura iberoamericana, entre 2004 e 2009, com seus professores venezuelano e boliviana -, e participou tamb\u00e9m da banda de salsa <em>Uni\u00f3n Latina<\/em> &#8211; com m\u00fasicos cubanos, uruguaios e colombianos -, ambos na cidade de Belo Horizonte, Minas Gerais.<\/p>\n<p>Atualmente \u00e9 professor de canto, M\u00fasica e Yoga na Universidade Estadual do Rio Grande do Norte (UERN), na qual desenvolve pr\u00e1ticas de canto coral, t\u00e9cnica vocal e reg\u00eancia na gradua\u00e7\u00e3o em Licenciatura em M\u00fasica, assim como o projeto de extens\u00e3o em <em>Yoga, Consci\u00eancia Corporal e Musicalidade<\/em>.\u00a0 Em paralelo a estas atividades, Daniel Mariano realiza o trabalho constante em repert\u00f3rio iberoamericano intitulado <em>Tordesillas<\/em>, que une pesquisa de repert\u00f3rio, apresenta\u00e7\u00f5es art\u00edsticas e oficinas educativas.<\/p>\n<p>&nbsp;<\/p>\n<p><strong>OFICINA DE TICS PARA PROFESSORES DE L\u00cdNGUA ESTRANGEIRA<\/strong><\/p>\n<p>Essa oficina apresentar\u00e1 propostas para o uso de tecnologias nas aulas de l\u00edngua estrangeira e est\u00e1 direcionada a professores de l\u00edngua estrangeira e\/ou graduandos em licenciatura de l\u00edngua estrangeira. A oficina ser\u00e1 ministrada pela professora Esp. Sabrina Guedes, que lecionada a disciplina de l\u00edngua inglesa no IFRN, campus Apodi.<\/p>\n<p>Data: 21 de novembro.<\/p>\n<p>Dura\u00e7\u00e3o: 4 horas<\/p>\n<p>Quantidade de vagas: 20 vagas<\/p>\n<p>Inscri\u00e7\u00e3o<\/p>\n<p>SAIBA MAIS SOBRE A MINISTRANTE DESSA OFICINA<\/p>\n<p><img loading=\"lazy\" decoding=\"async\" class=\"wp-image-106 size-medium alignleft\" src=\"http:\/\/eventos.ifrn.edu.br\/lasemanae\/wp-content\/uploads\/2018\/11\/WhatsApp-Image-2018-11-01-at-16.55.00-225x300.jpeg\" alt=\"\" width=\"225\" height=\"300\" srcset=\"http:\/\/eventos.ifrn.edu.br\/lasemanae\/wp-content\/uploads\/2018\/11\/WhatsApp-Image-2018-11-01-at-16.55.00-225x300.jpeg 225w, http:\/\/eventos.ifrn.edu.br\/lasemanae\/wp-content\/uploads\/2018\/11\/WhatsApp-Image-2018-11-01-at-16.55.00-768x1025.jpeg 768w, http:\/\/eventos.ifrn.edu.br\/lasemanae\/wp-content\/uploads\/2018\/11\/WhatsApp-Image-2018-11-01-at-16.55.00-767x1024.jpeg 767w, http:\/\/eventos.ifrn.edu.br\/lasemanae\/wp-content\/uploads\/2018\/11\/WhatsApp-Image-2018-11-01-at-16.55.00.jpeg 959w\" sizes=\"auto, (max-width: 225px) 100vw, 225px\" \/><\/p>\n<p>&nbsp;<\/p>\n<p>Sabrina Guedes \u00e9 professora especialista em Ensino e Aprendizagem de L\u00ednguas Estrangeiras pela Universidade do Estado do Rio Grande do Norte (2016). Graduada em Letras &#8211; L\u00edngua Inglesa e suas respectivas literaturas pela Universidade do Estado do Rio Grande do Norte (2011). Mestranda em ensino pelo programa de p\u00f3s-ensino da UERN\/UFERSA\/IFRN. Atualmente \u00e9 professora de l\u00edngua inglesa do Instituto Federal de Educa\u00e7\u00e3o, Ci\u00eancia e Tecnologia do Rio Grande do Norte.<\/p>\n<p>&nbsp;<\/p>\n<p>&nbsp;<\/p>\n<p>&nbsp;<\/p>\n<p><strong>WORKSHOP: &#8220;LOS SABORES HISPANOS&#8221;<\/strong><\/p>\n<p>Este workshop ser\u00e1 uma aventura entre o Sert\u00e3o Potiguar e a cultura peruana, com a produ\u00e7\u00e3o de um ceviche de til\u00e1pia e um resgate de uma das mais tradicionais sobremesas latino americanas, o flan con Dulce de leche , trazendo tamb\u00e9m um pouco da cultura \u201chermana\u201d dos nossos vizinhos argentinos.<\/p>\n<p>Data: 21 de novembro.<\/p>\n<p>Dura\u00e7\u00e3o: 2 horas<\/p>\n<p>Quantidade de vagas: 20 vagas<\/p>\n<p>Inscri\u00e7\u00e3o<\/p>\n<p>SAIBA MAIS SOBRE O MINISTRANTE DESSE WORKSHOP<\/p>\n<p><img loading=\"lazy\" decoding=\"async\" class=\"alignnone size-medium wp-image-90 alignright\" src=\"http:\/\/eventos.ifrn.edu.br\/lasemanae\/wp-content\/uploads\/2018\/10\/WhatsApp-Image-2018-10-31-at-11.32.211-300x300.jpeg\" alt=\"\" width=\"300\" height=\"300\" srcset=\"http:\/\/eventos.ifrn.edu.br\/lasemanae\/wp-content\/uploads\/2018\/10\/WhatsApp-Image-2018-10-31-at-11.32.211-300x300.jpeg 300w, http:\/\/eventos.ifrn.edu.br\/lasemanae\/wp-content\/uploads\/2018\/10\/WhatsApp-Image-2018-10-31-at-11.32.211-150x150.jpeg 150w, http:\/\/eventos.ifrn.edu.br\/lasemanae\/wp-content\/uploads\/2018\/10\/WhatsApp-Image-2018-10-31-at-11.32.211.jpeg 720w\" sizes=\"auto, (max-width: 300px) 100vw, 300px\" \/>Renato da Cunha Gomes \u00e9 Mestre em Ci\u00eancias Gastron\u00f4micas pelo conv\u00eanio entre o Instituto Superior de Agronomia (ISA) da Universidade de Lisboa (UL) e a Faculdade de Ci\u00eancia e Tecnologia (FCT) da Universidade nova de Lisboa (UNL). \u00c9 Especialista em Ci\u00eancias gastron\u00f4micas pelo Conv\u00eanio entre o Instituto Superior de Agronomia da Universidade de Lisboa e a Faculdade de Ci\u00eancia e Tecnologia da Universidade nova de Lisboa. Possui Especializa\u00e7\u00e3o em Seguran\u00e7a dos Alimentos em unidades gastron\u00f4micas pela Univeridade Potiguar (UnP). Possui Gradua\u00e7\u00e3o em Gastronomia pela Universidade Potiguar. Atualmente \u00e9 professor do ensino b\u00e1sico, t\u00e9cnico e tecnol\u00f3gico do Instituto Federal de Educa\u00e7\u00e3o, Ci\u00eancia e Tecnologia do Rio Grande do Norte (IFRN), vinculado a \u00e1rea de ci\u00eancia e tecnologia de alimentos no campus Apodi.<\/p>\n","protected":false},"excerpt":{"rendered":"<div class=\"slide-text-bg2\"><span>OFICINA DE CULTURA URUGUAIA O objetivo dessa oficina \u00e9 apresentar alguns costumes uruguaios e compar\u00e1-los com a cultura do sul do Brasil. Al\u00e9m de mostra<\/span><\/div>\n<div class=\"slide-btn-area-sm\"><a href=\"http:\/\/eventos.ifrn.edu.br\/lasemanae\/oficinas\/\" class=\"slide-btn-sm\">Ler mais<\/a><\/div>\n","protected":false},"author":1,"featured_media":0,"parent":0,"menu_order":0,"comment_status":"closed","ping_status":"closed","template":"","meta":{"footnotes":""},"class_list":["post-14","page","type-page","status-publish","hentry"],"_links":{"self":[{"href":"http:\/\/eventos.ifrn.edu.br\/lasemanae\/wp-json\/wp\/v2\/pages\/14","targetHints":{"allow":["GET"]}}],"collection":[{"href":"http:\/\/eventos.ifrn.edu.br\/lasemanae\/wp-json\/wp\/v2\/pages"}],"about":[{"href":"http:\/\/eventos.ifrn.edu.br\/lasemanae\/wp-json\/wp\/v2\/types\/page"}],"author":[{"embeddable":true,"href":"http:\/\/eventos.ifrn.edu.br\/lasemanae\/wp-json\/wp\/v2\/users\/1"}],"replies":[{"embeddable":true,"href":"http:\/\/eventos.ifrn.edu.br\/lasemanae\/wp-json\/wp\/v2\/comments?post=14"}],"version-history":[{"count":7,"href":"http:\/\/eventos.ifrn.edu.br\/lasemanae\/wp-json\/wp\/v2\/pages\/14\/revisions"}],"predecessor-version":[{"id":108,"href":"http:\/\/eventos.ifrn.edu.br\/lasemanae\/wp-json\/wp\/v2\/pages\/14\/revisions\/108"}],"wp:attachment":[{"href":"http:\/\/eventos.ifrn.edu.br\/lasemanae\/wp-json\/wp\/v2\/media?parent=14"}],"curies":[{"name":"wp","href":"https:\/\/api.w.org\/{rel}","templated":true}]}}