{"id":18,"date":"2018-10-08T10:53:48","date_gmt":"2018-10-08T13:53:48","guid":{"rendered":"http:\/\/eventos.ifrn.edu.br\/lasemanae\/?page_id=18"},"modified":"2018-10-29T17:41:09","modified_gmt":"2018-10-29T19:41:09","slug":"ficaespanholrn","status":"publish","type":"page","link":"http:\/\/eventos.ifrn.edu.br\/lasemanae\/ficaespanholrn\/","title":{"rendered":"#FicaEspanhol"},"content":{"rendered":"<div id=\"attachment_73\" style=\"width: 310px\" class=\"wp-caption aligncenter\"><img loading=\"lazy\" decoding=\"async\" aria-describedby=\"caption-attachment-73\" class=\"wp-image-73 size-medium\" src=\"http:\/\/eventos.ifrn.edu.br\/lasemanae\/wp-content\/uploads\/2018\/10\/15319069_356484724719682_4084129474237990267_n-300x300.jpg\" alt=\"\" width=\"300\" height=\"300\" srcset=\"http:\/\/eventos.ifrn.edu.br\/lasemanae\/wp-content\/uploads\/2018\/10\/15319069_356484724719682_4084129474237990267_n-300x300.jpg 300w, http:\/\/eventos.ifrn.edu.br\/lasemanae\/wp-content\/uploads\/2018\/10\/15319069_356484724719682_4084129474237990267_n-150x150.jpg 150w, http:\/\/eventos.ifrn.edu.br\/lasemanae\/wp-content\/uploads\/2018\/10\/15319069_356484724719682_4084129474237990267_n.jpg 550w\" sizes=\"auto, (max-width: 300px) 100vw, 300px\" \/><p id=\"caption-attachment-73\" class=\"wp-caption-text\">O s\u00edmbolo do #FIcaEspanhol foi criado por uma bolsista do PIBID e se tornou na imagem do movimento no Brasil todo.<\/p><\/div>\n<p>UM BREVE HIST\u00d3RICO DO MOVIMENTO &#8220;FICA ESPANHOL&#8221;<\/p>\n<p>Em setembro de 2016 quando o governo lan\u00e7ou a reforma do Ensino M\u00e9dio, um grupo de professores de Espanhol e alunos de Letras da Universidade Federal do Rio Grande do Sul (UFRGS) e professores do col\u00e9gio de Aplica\u00e7\u00e3o (UFRGS) come\u00e7aram a reunir-se e fazer aulas p\u00fablicas para estudar e apoiar a perman\u00eancia da obrigatoriedade do ensino de l\u00edngua espanhola no ensino m\u00e9dio brasileiro, retirado com a MP 746, por acreditarmos que deve haver uma igualdade na oferta de l\u00edngua estrangeira.<\/p>\n<p>Conjuntamente, pensamos em a\u00e7\u00f5es para que a comunidade visse que o espanhol sairia da grade curricular. Nessa mesma \u00e9poca o PIBID Espanhol (UFRGS) estava ofertando um curso de atualiza\u00e7\u00e3o para professores. Nesses encontros debateu-se essa medida do governo e surgiu o movimento #ficaespanhol, em um primeiro momento pensou-se em uma p\u00e1gina em uma rede social para atingir mais pessoa que n\u00e3o somente no RS. Essa p\u00e1gina foi criada em 03 dezembro de 2016 e no in\u00edcio de 2017 j\u00e1 t\u00ednhamos mais de 8000 curtidas e pessoas seguindo a p\u00e1gina. A ideia da p\u00e1gina era que pessoas enviassem fotos com a #ficaespanhol ou v\u00eddeos falando da import\u00e2ncia do espanhol na sua vida. Recebemos contribui\u00e7\u00f5es de v\u00e1rios pa\u00edses e cidades brasileiras.<\/p>\n<p>Paralelo a isso, o grupo de professores da UFRGS e professores da rede p\u00fablica fez panfletagem para informa \u00e0 comunidade o que estava acontecendo. Tamb\u00e9m neste ano tentou-se contato com deputados federais para tentar comov\u00ea-los e estes barrarem a reforma do ensino m\u00e9dio na C\u00e2mara Federal. N\u00e3o conseguimos acesso aos deputados a tempo de n\u00e3o passar pela c\u00e2mara a proposta.\u00a0 Foi elaborado um dossi\u00ea por professores da UFRGS e do Col\u00e9gio de Aplica\u00e7\u00e3o com a participa\u00e7\u00e3o de outras universidades federais e Institutos de Federal do Rio grande do Sul e enviado para v\u00e1rios senadores, por\u00e9m apenas uma senadora se manifestou contra a retirada do espanhol, na \u00e9poca da vota\u00e7\u00e3o no Senado.<\/p>\n<p>Em 2017, houve o contato com uma deputada estadual para tentarmos uma lei estadual que objetivasse o ensino de espanhol como oferta obrigat\u00f3ria e matricula facultativa pelos alunos das escolas p\u00fablicas do estado do rio grande do Sul.<\/p>\n<p>Em 2018 foi sugerido uma Proposta de Emenda \u00e0 constitui\u00e7\u00e3o estadual (RS) por uma deputada do Rio Grande do sul.<\/p>\n<p>Neste momento houve a uni\u00e3o entre diversas institui\u00e7\u00f5es que encaminharam, junto \u00e0 Dep. Juliana Brizola, a referida PEC. S\u00e3o elas: FURG, IFRS, IFSUL, UFFS, UFPel, UFRGS, UFSM, UNIPAMPA, UFRGS e CAP( UFRGS), professores estaduais e municipais do Estado do RS.<\/p>\n<p>O movimento #ficaespanhol esteve presente em todos os momentos que a PEC foi tramitada e movimentada dentro da casa legislativa. Elaboramos campanhas para as redes sociais, conversamos com os deputados e nos fizemos presentes fisicamente em todas as vota\u00e7\u00f5es que deveriam ocorrer e tratar o tema.<\/p>\n<p>Atrav\u00e9s da p\u00e1gina na rede social, o movimento foi se estendendo e colaborando com professores, associa\u00e7\u00f5es e universidades que desejam saber que passos foram feitos para conseguir a proposta da PEC.<\/p>\n<p>Hoje j\u00e1 temos # FICAESPANHOL em v\u00e1rios estados. Por exemplo; Santa Catarina, Paran\u00e1, S\u00e3o Paulo, Pernambuco, Para\u00edba, Goi\u00e1s, Rio Grande do Norte, entre outros. Esperamos que logo mais, outros estados entrem nesta luta.<\/p>\n<p>Visite a p\u00e1gina do Movimento que divulga a\u00e7\u00f5es pelo espanhol no Brasil todo: <a href=\"https:\/\/www.facebook.com\/ficaespanhol\/\">https:\/\/www.facebook.com\/ficaespanhol\/<\/a><\/p>\n<p>O s\u00edmbolo do #FIcaEspanhol foi criado por uma bolsista do PIBID e se tornou na imagem do movimento no Brasil todo.<\/p>\n<p style=\"text-align: right;\">M\u00f4nica Mari\u00f1o (Professora Doutora da UFRGS e membro do movimento Fica Espanhol)<\/p>\n","protected":false},"excerpt":{"rendered":"<div class=\"slide-text-bg2\"><span>UM BREVE HIST\u00d3RICO DO MOVIMENTO &#8220;FICA ESPANHOL&#8221; Em setembro de 2016 quando o governo lan\u00e7ou a reforma do Ensino M\u00e9dio, um grupo de professor<\/span><\/div>\n<div class=\"slide-btn-area-sm\"><a href=\"http:\/\/eventos.ifrn.edu.br\/lasemanae\/ficaespanholrn\/\" class=\"slide-btn-sm\">Ler mais<\/a><\/div>\n","protected":false},"author":1,"featured_media":0,"parent":0,"menu_order":0,"comment_status":"closed","ping_status":"closed","template":"","meta":{"footnotes":""},"class_list":["post-18","page","type-page","status-publish","hentry"],"_links":{"self":[{"href":"http:\/\/eventos.ifrn.edu.br\/lasemanae\/wp-json\/wp\/v2\/pages\/18","targetHints":{"allow":["GET"]}}],"collection":[{"href":"http:\/\/eventos.ifrn.edu.br\/lasemanae\/wp-json\/wp\/v2\/pages"}],"about":[{"href":"http:\/\/eventos.ifrn.edu.br\/lasemanae\/wp-json\/wp\/v2\/types\/page"}],"author":[{"embeddable":true,"href":"http:\/\/eventos.ifrn.edu.br\/lasemanae\/wp-json\/wp\/v2\/users\/1"}],"replies":[{"embeddable":true,"href":"http:\/\/eventos.ifrn.edu.br\/lasemanae\/wp-json\/wp\/v2\/comments?post=18"}],"version-history":[{"count":4,"href":"http:\/\/eventos.ifrn.edu.br\/lasemanae\/wp-json\/wp\/v2\/pages\/18\/revisions"}],"predecessor-version":[{"id":76,"href":"http:\/\/eventos.ifrn.edu.br\/lasemanae\/wp-json\/wp\/v2\/pages\/18\/revisions\/76"}],"wp:attachment":[{"href":"http:\/\/eventos.ifrn.edu.br\/lasemanae\/wp-json\/wp\/v2\/media?parent=18"}],"curies":[{"name":"wp","href":"https:\/\/api.w.org\/{rel}","templated":true}]}}