{"id":189,"date":"2018-11-08T23:56:11","date_gmt":"2018-11-09T01:56:11","guid":{"rendered":"http:\/\/eventos.ifrn.edu.br\/lasemanae\/?page_id=189"},"modified":"2018-11-08T23:56:11","modified_gmt":"2018-11-09T01:56:11","slug":"la-voz","status":"publish","type":"page","link":"http:\/\/eventos.ifrn.edu.br\/lasemanae\/la-voz\/","title":{"rendered":"La voz"},"content":{"rendered":"<p><img loading=\"lazy\" decoding=\"async\" class=\"alignnone wp-image-116 size-full\" src=\"http:\/\/eventos.ifrn.edu.br\/lasemanae\/wp-content\/uploads\/2018\/11\/LA.png\" alt=\"\" width=\"820\" height=\"312\" srcset=\"http:\/\/eventos.ifrn.edu.br\/lasemanae\/wp-content\/uploads\/2018\/11\/LA.png 820w, http:\/\/eventos.ifrn.edu.br\/lasemanae\/wp-content\/uploads\/2018\/11\/LA-300x114.png 300w, http:\/\/eventos.ifrn.edu.br\/lasemanae\/wp-content\/uploads\/2018\/11\/LA-768x292.png 768w\" sizes=\"auto, (max-width: 820px) 100vw, 820px\" \/><\/p>\n<p style=\"text-align: center;\"><strong>REGULAMENTO<\/strong><\/p>\n<p>&nbsp;<\/p>\n<p><strong>I APRESENTA\u00c7\u00c3O<\/strong><\/p>\n<p>O torneio La Voz \u00e9 uma competi\u00e7\u00e3o de karaok\u00ea de m\u00fasica latina e objetiva, entre outros prop\u00f3sitos, o desenvolvimento da habilidade comunicativa por meio da interpreta\u00e7\u00e3o de can\u00e7\u00f5es e incentivar o talento e aptid\u00f5es art\u00edsticas de estudantes do n\u00edvel m\u00e9dio. O torneio acontecer\u00e1 no dia 21 de novembro (quarta-feira), \u00e0s 10:00 da manh\u00e3 do audit\u00f3rio do IFRN, campus Apodi.<\/p>\n<p>&nbsp;<\/p>\n<p><strong>II INSCRI\u00c7\u00c3O<\/strong><\/p>\n<p>As inscri\u00e7\u00f5es s\u00e3o gratuitas e podem ser realizadas via formul\u00e1rio eletr\u00f4nico: (<u><a href=\"http:\/\/encurtador.com.br\/jkzI9\">encurtador.com.br\/jkzI9<\/a>)<\/u> a partir do dia <strong>05 de novembro at\u00e9 o dia 15 de novembro<\/strong>. S\u00f3 ser\u00e3o aceitas inscri\u00e7\u00f5es para participa\u00e7\u00e3o individual. O n\u00famero de inscritos ser\u00e1 limitado a 10 participantes. O(A) competidor(a) deve, no ato de inscri\u00e7\u00e3o, inserir no campo solicitado, o nome de 3 (tr\u00eas) can\u00e7\u00f5es distintas e o seu respectivo cantor(a), considerando a ordem de prefer\u00eancia do(a) participante. As can\u00e7\u00f5es escolhidas devem obrigatoriamente ser <u>em idioma espanhol<\/u>. \u00c9 necess\u00e1rio certificar-se de que h\u00e1 dispon\u00edvel a vers\u00e3o em Karaok\u00ea das can\u00e7\u00f5es inscritas antes de indic\u00e1-las. N\u00e3o ser\u00e1 aceito a repeti\u00e7\u00e3o de uma mesma can\u00e7\u00e3o por mais de um candidato. Em casos em que mais de um inscrito escolha como primeira op\u00e7\u00e3o uma mesma can\u00e7\u00e3o, a prioridade ser\u00e1 dada ao candidato que realizou primeiro a inscri\u00e7\u00e3o. A ordem de apresenta\u00e7\u00e3o ser\u00e1 a mesma de inscri\u00e7\u00e3o. O deferimento das inscri\u00e7\u00f5es e a ordem de apresenta\u00e7\u00e3o ser\u00e3o disponibilizados no site do evento (http:\/\/eventos.ifrn.edu.br\/lasemanae\/) no dia <strong>16 de novembro<\/strong>.<\/p>\n<p>&nbsp;<\/p>\n<p><strong>III REQUISITOS DE PARTICIPA\u00c7\u00c3O<\/strong><\/p>\n<p>Podem participar do torneio alunos que estejam cursando o Ensino M\u00e9dio. Alunos do IFRN e das demais escolas parceiras do evento ter\u00e3o prioridade no deferimento das inscri\u00e7\u00f5es. Ser\u00e3o desconsideradas as inscri\u00e7\u00f5es que n\u00e3o atenderem aos requisitos e exig\u00eancias de inscri\u00e7\u00e3o e participa\u00e7\u00e3o descritos neste regulamento nos itens II e III.<\/p>\n<p>&nbsp;<\/p>\n<p><strong>IV JURADOS<\/strong><\/p>\n<p>A banca avaliadora est\u00e1 composta por tr\u00eas jurados. Seguem os nomes:<\/p>\n<ol>\n<li>Maykel Samuel (Assistente t\u00e9cnico no IFRN; possui forma\u00e7\u00e3o musical pelo Conservat\u00f3rio de M\u00fasica D\u2019Alva Stella Nogueira Freire-UERN);<\/li>\n<li>Leonardo Lucena (Professor de ingl\u00eas do IFRN-Apodi);<\/li>\n<li>Jozadaque Pereira (Professora de Espanhol da Escola Estadual Moreira Dias-Mossor\u00f3).<\/li>\n<\/ol>\n<p>&nbsp;<\/p>\n<p><strong>V PONTUA\u00c7\u00c3O<\/strong><\/p>\n<p>Os candidatos ser\u00e3o avaliados com notas de 1 a 10, sendo 1 a menor nota e 10 a maior nota destinada a cada um dos crit\u00e9rios abaixo listados e descritos. A nota final de cada participante ser\u00e1 obtida por meio da soma das notas atribu\u00eddas pelos jurados:<\/p>\n<ol>\n<li>Presen\u00e7a de palco (refere-se \u00e0 forma como o(a) concorrente interage com o p\u00fablico durante a interpreta\u00e7\u00e3o da m\u00fasica);<\/li>\n<li>Interpreta\u00e7\u00e3o (refere-se \u00e0 forma como o(a) concorrente transmite a can\u00e7\u00e3o vocalmente, considerando a expressividade do(a) participante ao cantar a m\u00fasica);<\/li>\n<li>Voz (refere-se aos aspectos vocais como timbre e afina\u00e7\u00e3o por parte do(a) concorrente);<\/li>\n<li>Ritmo e tempo (refere-se \u00e0 harmonia entre melodia e frases das m\u00fasicas no devido tempo e espa\u00e7o).<\/li>\n<li>Pron\u00fancia da L\u00edngua Espanhola (aspecto referente ao modo como cada candidato aproximar-se-\u00e1 da fon\u00e9tica da L\u00edngua Espanhola).<\/li>\n<\/ol>\n<p>&nbsp;<\/p>\n<p><strong>VI CLASSIFICA\u00c7\u00c3O<\/strong><\/p>\n<p>Os candidatos que obtiverem as duas maiores notas ser\u00e3o premiados por ordem de classifica\u00e7\u00e3o:<\/p>\n<p>1\u00ba lugar (primeira maior nota): trof\u00e9u + medalha + certifica\u00e7\u00e3o;<\/p>\n<p>2\u00ba lugar (segunda maior nota): medalha + certifica\u00e7\u00e3o;<\/p>\n<p>O resultado e premia\u00e7\u00f5es acontecer\u00e3o no mesmo dia do torneio, logo ap\u00f3s a realiza\u00e7\u00e3o da vota\u00e7\u00e3o dos jurados.<\/p>\n<p>&nbsp;<\/p>\n<p><strong>VII CONSIDERA\u00c7\u00d5ES FINAIS<\/strong><\/p>\n<p>Em caso de empate, os jurados entrar\u00e3o em consenso e decidir\u00e3o o desempate. Os casos omissos neste regulamento ser\u00e3o decididos por meio da comiss\u00e3o do evento.<\/p>\n","protected":false},"excerpt":{"rendered":"<div class=\"slide-text-bg2\"><span>REGULAMENTO &nbsp; I APRESENTA\u00c7\u00c3O O torneio La Voz \u00e9 uma competi\u00e7\u00e3o de karaok\u00ea de m\u00fasica latina e objetiva, entre outros prop\u00f3sitos, o desenvolvime<\/span><\/div>\n<div class=\"slide-btn-area-sm\"><a href=\"http:\/\/eventos.ifrn.edu.br\/lasemanae\/la-voz\/\" class=\"slide-btn-sm\">Ler mais<\/a><\/div>\n","protected":false},"author":2,"featured_media":0,"parent":0,"menu_order":0,"comment_status":"closed","ping_status":"closed","template":"","meta":{"footnotes":""},"class_list":["post-189","page","type-page","status-publish","hentry"],"_links":{"self":[{"href":"http:\/\/eventos.ifrn.edu.br\/lasemanae\/wp-json\/wp\/v2\/pages\/189","targetHints":{"allow":["GET"]}}],"collection":[{"href":"http:\/\/eventos.ifrn.edu.br\/lasemanae\/wp-json\/wp\/v2\/pages"}],"about":[{"href":"http:\/\/eventos.ifrn.edu.br\/lasemanae\/wp-json\/wp\/v2\/types\/page"}],"author":[{"embeddable":true,"href":"http:\/\/eventos.ifrn.edu.br\/lasemanae\/wp-json\/wp\/v2\/users\/2"}],"replies":[{"embeddable":true,"href":"http:\/\/eventos.ifrn.edu.br\/lasemanae\/wp-json\/wp\/v2\/comments?post=189"}],"version-history":[{"count":1,"href":"http:\/\/eventos.ifrn.edu.br\/lasemanae\/wp-json\/wp\/v2\/pages\/189\/revisions"}],"predecessor-version":[{"id":190,"href":"http:\/\/eventos.ifrn.edu.br\/lasemanae\/wp-json\/wp\/v2\/pages\/189\/revisions\/190"}],"wp:attachment":[{"href":"http:\/\/eventos.ifrn.edu.br\/lasemanae\/wp-json\/wp\/v2\/media?parent=189"}],"curies":[{"name":"wp","href":"https:\/\/api.w.org\/{rel}","templated":true}]}}