{"id":62,"date":"2018-10-18T10:53:48","date_gmt":"2018-10-18T13:53:48","guid":{"rendered":"http:\/\/eventos.ifrn.edu.br\/lasemanae\/?page_id=62"},"modified":"2018-11-19T09:53:20","modified_gmt":"2018-11-19T11:53:20","slug":"solo-baile","status":"publish","type":"page","link":"http:\/\/eventos.ifrn.edu.br\/lasemanae\/solo-baile\/","title":{"rendered":"Solo Baile"},"content":{"rendered":"<h3><img loading=\"lazy\" decoding=\"async\" class=\"alignnone wp-image-114 size-full\" src=\"http:\/\/eventos.ifrn.edu.br\/lasemanae\/wp-content\/uploads\/2018\/11\/LA-1.png\" alt=\"\" width=\"820\" height=\"312\" srcset=\"http:\/\/eventos.ifrn.edu.br\/lasemanae\/wp-content\/uploads\/2018\/11\/LA-1.png 820w, http:\/\/eventos.ifrn.edu.br\/lasemanae\/wp-content\/uploads\/2018\/11\/LA-1-300x114.png 300w, http:\/\/eventos.ifrn.edu.br\/lasemanae\/wp-content\/uploads\/2018\/11\/LA-1-768x292.png 768w\" sizes=\"auto, (max-width: 820px) 100vw, 820px\" \/><\/h3>\n<h3 style=\"text-align: center;\"><strong>Apresenta\u00e7\u00e3o<\/strong><\/h3>\n<p>O Solo Baile \u00e9 um concurso de dan\u00e7a em dupla que utiliza o Just Dance para prover uma pontua\u00e7\u00e3o t\u00e9cnica, por\u00e9m, considera outros elementos como harmonia e caracteriza\u00e7\u00e3o dos participantes. As inscri\u00e7\u00f5es podem ser realizadas pelo formul\u00e1rio eletr\u00f4nico (aqui) a partir do dia 05 de novembro at\u00e9 o dia 15 de novembro. As inscri\u00e7\u00f5es deferidas ser\u00e3o divulgadas no site do evento (<a href=\"http:\/\/eventos.ifrn.edu.br\/lasemanae\/\">http:\/\/eventos.ifrn.edu.br\/lasemanae\/<\/a>) dia 16 de novembro.<\/p>\n<h4><a href=\"https:\/\/docs.google.com\/forms\/d\/e\/1FAIpQLSc2My4-QyIJeyedKQJRF39ok3CR0qSDQJLKSfmzmSS1dgt6Uw\/viewform\">Inscri\u00e7\u00f5es abertas<\/a><\/h4>\n<h3>Modelo de Competi\u00e7\u00e3o<\/h3>\n<p>Cada dupla inscrita na competi\u00e7\u00e3o ter\u00e1 que se apresentar duas vezes e para cada apresenta\u00e7\u00e3o ter\u00e1 uma nota nos quesitos definidos abaixo. A ordem das apresenta\u00e7\u00f5es e as m\u00fasicas \u00e0 serem adotadas pelos participantes ser\u00e3o definidas atrav\u00e9s de sorteio, considerando a lista de m\u00fasicas em anexo.<\/p>\n<p>A dupla que obtiver maior pontua\u00e7\u00e3o na soma das notas das apresenta\u00e7\u00f5es ser\u00e1 considerada a vencedora.<\/p>\n<h3>Crit\u00e9rios de Pontua\u00e7\u00e3o<\/h3>\n<ul>\n<li>Pontua\u00e7\u00e3o no Just Dance (peso 2) \u2013 soma de cada membro da dupla.<\/li>\n<li>Figurino (peso 2) \u2013 ser\u00e1 considerado a criatividade da dupla<\/li>\n<li>Harmonia da Dupla (peso 1)<\/li>\n<\/ul>\n<p>A nota de cada apresenta\u00e7\u00e3o ser\u00e1 definida pela m\u00e9dia ponderada das pontua\u00e7\u00f5es nos crit\u00e9rios estabelecidos.<\/p>\n<h3>Jurados<\/h3>\n<p>As duplas ser\u00e3o avaliadas por uma banca composta por dois jurados.<\/p>\n<h3>Premia\u00e7\u00e3o<\/h3>\n<p>1\u00b0 Lugar: Trof\u00e9u+ medalha+certificado<br \/>\n2\u00b0 Lugar: Medalha+certificado<\/p>\n<h3>Anexo \u2013 Lista de M\u00fasicas<\/h3>\n<p><a href=\"https:\/\/www.youtube.com\/playlist?list=PLP-GyltHWYvhPCaYv4-6Mco2lAeREDHHP\">Playlist Youtube<\/a><\/p>\n<p><strong>Just Dance 2015<\/strong><br \/>\n1- Bailando &#8211; Enrique Iglesias Ft. Descemer Bueno &amp; Gente de Zona<br \/>\n2- Speedy Gonzalez &#8211; Los Pimientos Locos<br \/>\n3- Macarena &#8211; (Bayside Boys Mix) \u2013 The Girly Team<\/p>\n<p><strong>Just Dance 2016<\/strong><br \/>\n4- Rabiosa &#8211; Shakira ft. El Cata<br \/>\n5- El Perdon &#8211; Enrique Iglesias e Nicky Jam<\/p>\n<p><strong>Just Dance 2017<\/strong><br \/>\n6- Bailar &#8211; Deorro feat. Elvis Crespo<br \/>\n7- El Tiki \u2013 Maluma<br \/>\n8- Hips Don&#8217;t Lie Shakira feat. Wyclef Jean<br \/>\n9- La bicicleta &#8211; Carlos Vives &amp; Shakira<br \/>\n10- Duelo el Corazon &#8211; Enrique Iglesias ft. Wisin<\/p>\n<p><strong>Just Dance 2018<\/strong><br \/>\n11- Despacito &#8211; Luis Fonsi ft Daddy Yankee<br \/>\n12- Waka Waka (This Time For Africa) &#8211; Shakira<br \/>\n13- Chantaje &#8211; Shakira ft. Maluma<\/p>\n","protected":false},"excerpt":{"rendered":"<div class=\"slide-text-bg2\"><span>Apresenta\u00e7\u00e3o O Solo Baile \u00e9 um concurso de dan\u00e7a em dupla que utiliza o Just Dance para prover uma pontua\u00e7\u00e3o t\u00e9cnica, por\u00e9m, considera outros eleme<\/span><\/div>\n<div class=\"slide-btn-area-sm\"><a href=\"http:\/\/eventos.ifrn.edu.br\/lasemanae\/solo-baile\/\" class=\"slide-btn-sm\">Ler mais<\/a><\/div>\n","protected":false},"author":1,"featured_media":0,"parent":0,"menu_order":0,"comment_status":"closed","ping_status":"closed","template":"","meta":{"footnotes":""},"class_list":["post-62","page","type-page","status-publish","hentry"],"_links":{"self":[{"href":"http:\/\/eventos.ifrn.edu.br\/lasemanae\/wp-json\/wp\/v2\/pages\/62","targetHints":{"allow":["GET"]}}],"collection":[{"href":"http:\/\/eventos.ifrn.edu.br\/lasemanae\/wp-json\/wp\/v2\/pages"}],"about":[{"href":"http:\/\/eventos.ifrn.edu.br\/lasemanae\/wp-json\/wp\/v2\/types\/page"}],"author":[{"embeddable":true,"href":"http:\/\/eventos.ifrn.edu.br\/lasemanae\/wp-json\/wp\/v2\/users\/1"}],"replies":[{"embeddable":true,"href":"http:\/\/eventos.ifrn.edu.br\/lasemanae\/wp-json\/wp\/v2\/comments?post=62"}],"version-history":[{"count":13,"href":"http:\/\/eventos.ifrn.edu.br\/lasemanae\/wp-json\/wp\/v2\/pages\/62\/revisions"}],"predecessor-version":[{"id":243,"href":"http:\/\/eventos.ifrn.edu.br\/lasemanae\/wp-json\/wp\/v2\/pages\/62\/revisions\/243"}],"wp:attachment":[{"href":"http:\/\/eventos.ifrn.edu.br\/lasemanae\/wp-json\/wp\/v2\/media?parent=62"}],"curies":[{"name":"wp","href":"https:\/\/api.w.org\/{rel}","templated":true}]}}