{"id":84,"date":"2018-10-29T18:22:22","date_gmt":"2018-10-29T20:22:22","guid":{"rendered":"http:\/\/eventos.ifrn.edu.br\/lasemanae\/?page_id=84"},"modified":"2018-11-08T23:41:28","modified_gmt":"2018-11-09T01:41:28","slug":"i-gincana-de-lingua-cultura-hispanica","status":"publish","type":"page","link":"http:\/\/eventos.ifrn.edu.br\/lasemanae\/i-gincana-de-lingua-cultura-hispanica\/","title":{"rendered":"I Gincana de L\u00edngua &#038; Cultura Hisp\u00e2nica"},"content":{"rendered":"<p>A I Gincana de L\u00edngua e Cultura hisp\u00e2nica \u00e9 uma competi\u00e7\u00e3o\u00a0de perguntas e respostas sobre l\u00edngua e cultura dos pa\u00edses hisp\u00e2nicos. A competi\u00e7\u00e3o se dar\u00e1 entre alunos do IFRN, campus Apodi e escolas parceiras do evento &#8220;La Semana E&#8221;. Confira abaixo as escolas participantes da gincana.<\/p>\n<div>-Instituto Federal de Educa\u00e7\u00e3o, Ci\u00eancia e Tecnologia do Rio Grande do Norte-IFRN &#8211; Campus Apodi<\/div>\n<div>&#8211; Escola Estadual Professor Ant\u00f4nio Dantas- Apodi<\/div>\n<div>&#8211; Escola Estadual Professora Maria Zenilda Gama Torres &#8211; Apodi<\/div>\n<div>&#8211; Escola Estadual Valdemiro Pedro Viana- Santa Rosa<\/div>\n<div>&#8211; Escola Estadual Sebasti\u00e3o Gomes de Oliveira- Melancias<\/div>\n<div>&#8211; Escola Estadual Jos\u00e9 Cl\u00e1udio Alves- Taboleiro<\/div>\n<div>&#8211; Escola Estadual Ant\u00f4nio Francisco- Felipe Guerra<\/div>\n","protected":false},"excerpt":{"rendered":"<div class=\"slide-text-bg2\"><span>A I Gincana de L\u00edngua e Cultura hisp\u00e2nica \u00e9 uma competi\u00e7\u00e3o\u00a0de perguntas e respostas sobre l\u00edngua e cultura dos pa\u00edses hisp\u00e2nicos. A competi\u00e7\u00e3o s<\/span><\/div>\n<div class=\"slide-btn-area-sm\"><a href=\"http:\/\/eventos.ifrn.edu.br\/lasemanae\/i-gincana-de-lingua-cultura-hispanica\/\" class=\"slide-btn-sm\">Ler mais<\/a><\/div>\n","protected":false},"author":2,"featured_media":0,"parent":0,"menu_order":0,"comment_status":"closed","ping_status":"closed","template":"","meta":{"footnotes":""},"class_list":["post-84","page","type-page","status-publish","hentry"],"_links":{"self":[{"href":"http:\/\/eventos.ifrn.edu.br\/lasemanae\/wp-json\/wp\/v2\/pages\/84","targetHints":{"allow":["GET"]}}],"collection":[{"href":"http:\/\/eventos.ifrn.edu.br\/lasemanae\/wp-json\/wp\/v2\/pages"}],"about":[{"href":"http:\/\/eventos.ifrn.edu.br\/lasemanae\/wp-json\/wp\/v2\/types\/page"}],"author":[{"embeddable":true,"href":"http:\/\/eventos.ifrn.edu.br\/lasemanae\/wp-json\/wp\/v2\/users\/2"}],"replies":[{"embeddable":true,"href":"http:\/\/eventos.ifrn.edu.br\/lasemanae\/wp-json\/wp\/v2\/comments?post=84"}],"version-history":[{"count":7,"href":"http:\/\/eventos.ifrn.edu.br\/lasemanae\/wp-json\/wp\/v2\/pages\/84\/revisions"}],"predecessor-version":[{"id":188,"href":"http:\/\/eventos.ifrn.edu.br\/lasemanae\/wp-json\/wp\/v2\/pages\/84\/revisions\/188"}],"wp:attachment":[{"href":"http:\/\/eventos.ifrn.edu.br\/lasemanae\/wp-json\/wp\/v2\/media?parent=84"}],"curies":[{"name":"wp","href":"https:\/\/api.w.org\/{rel}","templated":true}]}}