{"id":94,"date":"2018-10-31T18:12:59","date_gmt":"2018-10-31T20:12:59","guid":{"rendered":"http:\/\/eventos.ifrn.edu.br\/lasemanae\/?page_id=94"},"modified":"2018-11-07T00:22:12","modified_gmt":"2018-11-07T02:22:12","slug":"palestras","status":"publish","type":"page","link":"http:\/\/eventos.ifrn.edu.br\/lasemanae\/palestras\/","title":{"rendered":"Palestras"},"content":{"rendered":"<p>PALESTRA DE ABERTURA: \u201c#FicaEspanhol\u201d: a import\u00e2ncia do espanhol no curr\u00edculo de ensino m\u00e9dio &#8211; Ser\u00e1 ministrada pela Prof.\u00aa Dra. M\u00f4nica Mari\u00f1o (UFRGS) e pelo Prof. Dr. Henry Lorencena (UFRGS) e pretende tecer algumas considera\u00e7\u00f5es sobre a import\u00e2ncia da l\u00edngua espanhola na forma\u00e7\u00e3o de alunos do ensino m\u00e9dio, a partir do movimento &#8220;Fica Espanhol&#8221;, que apoia a perman\u00eancia do idioma no curr\u00edculo das escolas p\u00fablicas. A palestra acontecer\u00e1 no audit\u00f3rio da Escola Estadual Professor Ant\u00f4nio Dantas, no dia 20 de novembro.<\/p>\n<p>SAIBA MAIS SOBRE OS PALESTRANTES:<\/p>\n<p class=\"resumo\"><img loading=\"lazy\" decoding=\"async\" class=\"alignright wp-image-95 size-thumbnail\" src=\"http:\/\/eventos.ifrn.edu.br\/lasemanae\/wp-content\/uploads\/2018\/10\/WhatsApp-Image-2018-10-31-at-11.32.213-150x150.jpeg\" alt=\"\" width=\"150\" height=\"150\" srcset=\"http:\/\/eventos.ifrn.edu.br\/lasemanae\/wp-content\/uploads\/2018\/10\/WhatsApp-Image-2018-10-31-at-11.32.213-150x150.jpeg 150w, http:\/\/eventos.ifrn.edu.br\/lasemanae\/wp-content\/uploads\/2018\/10\/WhatsApp-Image-2018-10-31-at-11.32.213-298x300.jpeg 298w, http:\/\/eventos.ifrn.edu.br\/lasemanae\/wp-content\/uploads\/2018\/10\/WhatsApp-Image-2018-10-31-at-11.32.213.jpeg 719w\" sizes=\"auto, (max-width: 150px) 100vw, 150px\" \/>M\u00f4nica Mari\u00f1o \u00e9 licenciada em Letras pela Universidade Federal do Rio Grande do Sul (1991), mestrado em Letras pela Universidade Federal do Rio Grande do Sul (2007), e doutorado em Letras &#8211; UFRGS (2017) . Atualmente \u00e9 professor adjunto da Universidade Federal do Rio Grande do Sul. Tem experi\u00eancia na \u00e1rea de Letras, com \u00eanfase em L\u00edngua Espanhola, atuando principalmente nos seguintes temas: ensino de L\u00edngua Espanhola, aquisi\u00e7\u00e3o de L2, aquisi\u00e7\u00e3o de LE e material did\u00e1tico . Tamb\u00e9m coordena atualmente o projeto PIBID\/ESPANHOL- UFRGS e o N\u00facleo de Ensino de L\u00ednguas em Extens\u00e3o da UFRGS.<\/p>\n<p><img loading=\"lazy\" decoding=\"async\" class=\"alignright wp-image-96 size-full\" src=\"http:\/\/eventos.ifrn.edu.br\/lasemanae\/wp-content\/uploads\/2018\/10\/WhatsApp-Image-2018-10-31-at-11.12.06.jpeg\" alt=\"\" width=\"174\" height=\"289\" \/>Henry Lorencena possui gradua\u00e7\u00e3o em Comunica\u00e7\u00e3o Social Publicidade e Propaganda pela Pontif\u00edcia Universidade Cat\u00f3lica do Rio Grande do Sul (1990), gradua\u00e7\u00e3o em Letras pela Pontif\u00edcia Universidade Cat\u00f3lica do Rio Grande do Sul (2002), mestrado em Ling\u00fc\u00edstica e Letras pela Pontif\u00edcia Universidade Cat\u00f3lica do Rio Grande do Sul (2005) e doutorado em Letras pela Universidade Federal do Rio Grande do Sul (2016). Atualmente \u00e9 professor efetivo do Col\u00e9gio de Aplica\u00e7\u00e3o da Universidade Federal do Rio Grande do Sul. Tem experi\u00eancia na \u00e1rea de Letras, com \u00eanfase em L\u00edngua Espanhola, atuando principalmente nos seguintes temas: pol\u00edticas lingu\u00edsticas, literatura psicologia cognitiva ensino de l\u00ednguas, portugu\u00eas do uruguai, contato espanhol\/portugu\u00eas e l\u00ednguas em contato. Integra a equipe de pesquisa do programa Trajet\u00f3rias Criativas, uma proposta metodol\u00f3gica para jovens de 15 a 17 anos que ainda est\u00e3o no Ensino Fundamental.<\/p>\n<p>&nbsp;<\/p>\n<p>PALESTRA \u201cMitos e verdades sobre a aprendizagem do espanhol por brasileiros\u201d-\u00a0 Ser\u00e1 ministrada pela Prof\u00aa. Mestra Jozadaque Pereira pretende discutir alguns dos mitos mais comuns relacionados ao ensino\/aprendizagem do espanhol por estudantes brasileiros. A Palestra ser\u00e1 no dia 21 de novembro.<\/p>\n<p>CONHE\u00c7A MAIS SOBRE A PALESTRANTE<\/p>\n<p><img loading=\"lazy\" decoding=\"async\" class=\"alignright wp-image-97 size-thumbnail\" src=\"http:\/\/eventos.ifrn.edu.br\/lasemanae\/wp-content\/uploads\/2018\/10\/WhatsApp-Image-2018-10-31-at-11.32.21-150x150.jpeg\" alt=\"\" width=\"150\" height=\"150\" srcset=\"http:\/\/eventos.ifrn.edu.br\/lasemanae\/wp-content\/uploads\/2018\/10\/WhatsApp-Image-2018-10-31-at-11.32.21-150x150.jpeg 150w, http:\/\/eventos.ifrn.edu.br\/lasemanae\/wp-content\/uploads\/2018\/10\/WhatsApp-Image-2018-10-31-at-11.32.21-300x298.jpeg 300w, http:\/\/eventos.ifrn.edu.br\/lasemanae\/wp-content\/uploads\/2018\/10\/WhatsApp-Image-2018-10-31-at-11.32.21.jpeg 720w\" sizes=\"auto, (max-width: 150px) 100vw, 150px\" \/>Jozadaque Cunha possui gradua\u00e7\u00e3o em Letras &#8211; L\u00edngua Espanhola e Respectivas Literatura pela Universidade do Estado do Rio Grande do Norte (2009), especializa\u00e7\u00e3o em Educa\u00e7\u00e3o (UERN 2011) e Mestrado em Letras pela mesma institui\u00e7\u00e3o (2016). Foi professora substituta de espanhol da Universidade do Estado do Rio Grande do Norte (2009-2014), atuando principalmente nos seguintes temas: leitura e produ\u00e7\u00e3o de texto &#8211; l\u00edngua espanhola &#8211; literatruras da l\u00edngua espanhola. Atualmente \u00e9 professora efetiva de L\u00edngua Espanhola da Escola Estadual Moreira Dias.<\/p>\n<p>&nbsp;<\/p>\n<p>&nbsp;<\/p>\n<p>&nbsp;<\/p>\n<p>PALESTRA: \u201cHispanidad, significado y \u00f3pticas\u201d- A presente palestra ser\u00e1 ministrada pela\u00a0Profa. Dra. Maria Trinidad Pacherrez Velasco (IFRN) e prop\u00f5e\u00a0 algumas reflex\u00f5es acerca do significado e os m\u00faltiplos olhares em torno da &#8220;Hispanidad&#8221;.<\/p>\n<p>SAIBA MAIS SOBRE A PALESTRANTE<\/p>\n<p><img loading=\"lazy\" decoding=\"async\" class=\"alignright wp-image-98 size-thumbnail\" src=\"http:\/\/eventos.ifrn.edu.br\/lasemanae\/wp-content\/uploads\/2018\/10\/servletrecuperafoto-150x150.jpg\" alt=\"\" width=\"150\" height=\"150\" \/>Maria Velasco \u00e9 doutorado em Filologia Hisp\u00e2nica: An\u00e1lise do discurso y suas aplica\u00e7\u00f5es, na Universidad de Salamanca, Espanha com distin\u00e7\u00e3o Cum Laude (Fev\/2016). Diploma de Estudos avan\u00e7ados com obten\u00e7\u00e3o de sufici\u00eancia investigadora em Filologia Hisp\u00e2nica, Departamento de Lengua Espa\u00f1ola na Universidad de Salamanca, Espanha (2012). Especializa\u00e7\u00e3o em Metodologia de ensino de l\u00edngua portuguesa e estrangiera (2018). Gradua\u00e7\u00e3o em Pedagogia Licenciatura Plena (2002). Professora de Espanhol do Instituto Federal de Educa\u00e7\u00e3o, Ci\u00eancia e Tecnologia do Rio Grande do Norte\/IFRN, com dedica\u00e7\u00e3o exclusiva, atua em todos os n\u00edveis de ensino, principalmente na gradua\u00e7\u00e3o Letras Espanhol, onde leciona disciplinas de forma\u00e7\u00e3o espec\u00edfica, (desde 2006). \u00c9 fundadora e atual coordenadora do N\u00facleo de Pesquisa e Estudos de Espanhol como L\u00edngua Estrangeira no Brasil (NUPELE-Brasil) do IFRN, desenvolvendo atividades de inicia\u00e7\u00e3o cient\u00edfica, pesquisas relacionadas \u00e0 forma\u00e7\u00e3o de professores de l\u00edngua estrangeira e ao saber espec\u00edfico, Espanhol; \u00c9 membro do N\u00facleo Central Estruturante (NCE), do N\u00facleo Docente (NDE) e do Colegiado do curso Letras Espanhol; coordena o Centro de Recursos Did\u00e1cticos de Espa\u00f1ol CRDE-IFRN; coordena o sub-projeto Letras Espanhol CNAT do Programa PIBID, \u00e9 s\u00f3cio fundador e diretor adjunto de Pesquisa do Instituto Internacional Despertando Voca\u00e7\u00f5es-Licenciaturas IIDV e atua como tradutor Ad-hoc para a Junta Comercial do Estado do RN.<\/p>\n","protected":false},"excerpt":{"rendered":"<div class=\"slide-text-bg2\"><span>PALESTRA DE ABERTURA: \u201c#FicaEspanhol\u201d: a import\u00e2ncia do espanhol no curr\u00edculo de ensino m\u00e9dio &#8211; Ser\u00e1 ministrada pela Prof.\u00aa Dra. M\u00f4nica Mar<\/span><\/div>\n<div class=\"slide-btn-area-sm\"><a href=\"http:\/\/eventos.ifrn.edu.br\/lasemanae\/palestras\/\" class=\"slide-btn-sm\">Ler mais<\/a><\/div>\n","protected":false},"author":2,"featured_media":0,"parent":0,"menu_order":0,"comment_status":"closed","ping_status":"closed","template":"","meta":{"footnotes":""},"class_list":["post-94","page","type-page","status-publish","hentry"],"_links":{"self":[{"href":"http:\/\/eventos.ifrn.edu.br\/lasemanae\/wp-json\/wp\/v2\/pages\/94","targetHints":{"allow":["GET"]}}],"collection":[{"href":"http:\/\/eventos.ifrn.edu.br\/lasemanae\/wp-json\/wp\/v2\/pages"}],"about":[{"href":"http:\/\/eventos.ifrn.edu.br\/lasemanae\/wp-json\/wp\/v2\/types\/page"}],"author":[{"embeddable":true,"href":"http:\/\/eventos.ifrn.edu.br\/lasemanae\/wp-json\/wp\/v2\/users\/2"}],"replies":[{"embeddable":true,"href":"http:\/\/eventos.ifrn.edu.br\/lasemanae\/wp-json\/wp\/v2\/comments?post=94"}],"version-history":[{"count":2,"href":"http:\/\/eventos.ifrn.edu.br\/lasemanae\/wp-json\/wp\/v2\/pages\/94\/revisions"}],"predecessor-version":[{"id":177,"href":"http:\/\/eventos.ifrn.edu.br\/lasemanae\/wp-json\/wp\/v2\/pages\/94\/revisions\/177"}],"wp:attachment":[{"href":"http:\/\/eventos.ifrn.edu.br\/lasemanae\/wp-json\/wp\/v2\/media?parent=94"}],"curies":[{"name":"wp","href":"https:\/\/api.w.org\/{rel}","templated":true}]}}