{"id":14,"date":"2022-03-31T11:11:38","date_gmt":"2022-03-31T14:11:38","guid":{"rendered":"https:\/\/eventos.ifrn.edu.br\/festivalconexoes2022\/?page_id=14"},"modified":"2022-07-02T11:38:36","modified_gmt":"2022-07-02T14:38:36","slug":"regulamento-geral","status":"publish","type":"page","link":"https:\/\/eventos.ifrn.edu.br\/festivalconexoes2022\/index.php\/regulamento-geral\/","title":{"rendered":"Regulamento"},"content":{"rendered":"<p style=\"text-align: justify;\">O Instituto Federal de Educa\u00e7\u00e3o, Ci\u00eancia e Tecnologia do Rio Grande do Norte (IFRN) torna p\u00fablico o Regulamento Geral do \u201cFestival Conex\u00f5es: a M\u00fasica Autoral do IFRN\u201d, aberto a estudantes dessa Institui\u00e7\u00e3o, com matr\u00edcula nas modalidades de Ensino M\u00e9dio Integrado, Ensino M\u00e9dio Integrado de Educa\u00e7\u00e3o de Jovens e Adultos (Proeja), Subsequente, Cursos de Forma\u00e7\u00e3o Inicial e Continuada (FIC), Gradua\u00e7\u00e3o, P\u00f3s-Gradua\u00e7\u00e3o e\/ou com v\u00ednculo em projetos de Extens\u00e3o.<\/p>\n<p>para poder abaixar o regulamento <a href=\"https:\/\/portal.ifrn.edu.br\/campus\/reitoria\/arquivos\/2022\/festival-conexoes-ifrn-2022-regulamento-geral\/at_download\/file\">Clique aqui<\/a><\/p>\n","protected":false},"excerpt":{"rendered":"<p>O Instituto Federal de Educa\u00e7\u00e3o, Ci\u00eancia e Tecnologia do Rio Grande do Norte (IFRN) torna p\u00fablico o Regulamento Geral do&hellip; <\/p>\n","protected":false},"author":3,"featured_media":0,"parent":0,"menu_order":0,"comment_status":"closed","ping_status":"closed","template":"","meta":[],"_links":{"self":[{"href":"https:\/\/eventos.ifrn.edu.br\/festivalconexoes2022\/index.php\/wp-json\/wp\/v2\/pages\/14"}],"collection":[{"href":"https:\/\/eventos.ifrn.edu.br\/festivalconexoes2022\/index.php\/wp-json\/wp\/v2\/pages"}],"about":[{"href":"https:\/\/eventos.ifrn.edu.br\/festivalconexoes2022\/index.php\/wp-json\/wp\/v2\/types\/page"}],"author":[{"embeddable":true,"href":"https:\/\/eventos.ifrn.edu.br\/festivalconexoes2022\/index.php\/wp-json\/wp\/v2\/users\/3"}],"replies":[{"embeddable":true,"href":"https:\/\/eventos.ifrn.edu.br\/festivalconexoes2022\/index.php\/wp-json\/wp\/v2\/comments?post=14"}],"version-history":[{"count":21,"href":"https:\/\/eventos.ifrn.edu.br\/festivalconexoes2022\/index.php\/wp-json\/wp\/v2\/pages\/14\/revisions"}],"predecessor-version":[{"id":320,"href":"https:\/\/eventos.ifrn.edu.br\/festivalconexoes2022\/index.php\/wp-json\/wp\/v2\/pages\/14\/revisions\/320"}],"wp:attachment":[{"href":"https:\/\/eventos.ifrn.edu.br\/festivalconexoes2022\/index.php\/wp-json\/wp\/v2\/media?parent=14"}],"curies":[{"name":"wp","href":"https:\/\/api.w.org\/{rel}","templated":true}]}}