{"id":29,"date":"2022-03-31T11:23:53","date_gmt":"2022-03-31T14:23:53","guid":{"rendered":"https:\/\/eventos.ifrn.edu.br\/festivalconexoes2022\/?page_id=29"},"modified":"2022-09-01T17:09:57","modified_gmt":"2022-09-01T20:09:57","slug":"inscricoes","status":"publish","type":"page","link":"https:\/\/eventos.ifrn.edu.br\/festivalconexoes2022\/index.php\/inscricoes\/","title":{"rendered":"Inscri\u00e7\u00f5es"},"content":{"rendered":"<p style=\"text-align: justify;\">As inscri\u00e7\u00f5es ser\u00e3o realizadas virtualmente, atrav\u00e9s da p\u00e1gina do\u00a0<a href=\"https:\/\/eventos.ifrn.edu.br\/festivalconexoes2022\/\">Festival Conex\u00f5es<\/a>, que estar\u00e1 dispon\u00edvel a partir do in\u00edcio das inscri\u00e7\u00f5es, e dever\u00e3o ser feitas do dia 28 de abril ao dia 10 de junho. Para efetuar a inscri\u00e7\u00e3o, o discente interessado precisa:<\/p>\n<ul style=\"font-weight: 400; text-align: justify;\">\n<li>Ser estudante com matr\u00edcula ativa e frequentar regularmente as aulas em qualquer dos cursos e das modalidades de Ensino e Extens\u00e3o dos <em>campi\u00a0<\/em>do IFRN;<\/li>\n<li>N\u00e3o estar cumprindo suspens\u00e3o no \u00e2mbito acad\u00eamico do IFRN;<\/li>\n<li>Estar inscrito no Festival com can\u00e7\u00e3o autoral homologada pelo\u00a0<em>campus\u00a0<\/em>de origem.<span style=\"font-weight: 400;\">.<\/span><\/li>\n<\/ul>\n<p><strong>Homologa\u00e7\u00e3o do resultado das inscri\u00e7\u00f5es para a Fase 1 do festival:<\/strong> <a href=\"http:\/\/eventos.ifrn.edu.br\/festivalconexoes2022\/wp-content\/uploads\/2022\/07\/Homologacoes-Resultado-das-inscricoes-para-a-Fase-1.pdf\" target=\"_blank\" rel=\"noopener\">Baixar<\/a><br \/>\n<strong>Classificados para Grande Final: <\/strong><a href=\"http:\/\/eventos.ifrn.edu.br\/festivalconexoes2022\/wp-content\/uploads\/2022\/09\/Classificados-para-grande-final-1.pdf\" target=\"_blank\" rel=\"noopener\">Baixar<\/a><\/p>\n","protected":false},"excerpt":{"rendered":"<p>As inscri\u00e7\u00f5es ser\u00e3o realizadas virtualmente, atrav\u00e9s da p\u00e1gina do\u00a0Festival Conex\u00f5es, que estar\u00e1 dispon\u00edvel a partir do in\u00edcio das inscri\u00e7\u00f5es, e&hellip; <\/p>\n","protected":false},"author":3,"featured_media":0,"parent":0,"menu_order":0,"comment_status":"closed","ping_status":"closed","template":"","meta":[],"_links":{"self":[{"href":"https:\/\/eventos.ifrn.edu.br\/festivalconexoes2022\/index.php\/wp-json\/wp\/v2\/pages\/29"}],"collection":[{"href":"https:\/\/eventos.ifrn.edu.br\/festivalconexoes2022\/index.php\/wp-json\/wp\/v2\/pages"}],"about":[{"href":"https:\/\/eventos.ifrn.edu.br\/festivalconexoes2022\/index.php\/wp-json\/wp\/v2\/types\/page"}],"author":[{"embeddable":true,"href":"https:\/\/eventos.ifrn.edu.br\/festivalconexoes2022\/index.php\/wp-json\/wp\/v2\/users\/3"}],"replies":[{"embeddable":true,"href":"https:\/\/eventos.ifrn.edu.br\/festivalconexoes2022\/index.php\/wp-json\/wp\/v2\/comments?post=29"}],"version-history":[{"count":35,"href":"https:\/\/eventos.ifrn.edu.br\/festivalconexoes2022\/index.php\/wp-json\/wp\/v2\/pages\/29\/revisions"}],"predecessor-version":[{"id":62,"href":"https:\/\/eventos.ifrn.edu.br\/festivalconexoes2022\/index.php\/wp-json\/wp\/v2\/pages\/29\/revisions\/62"}],"wp:attachment":[{"href":"https:\/\/eventos.ifrn.edu.br\/festivalconexoes2022\/index.php\/wp-json\/wp\/v2\/media?parent=29"}],"curies":[{"name":"wp","href":"https:\/\/api.w.org\/{rel}","templated":true}]}}