{"id":306,"date":"2022-07-02T11:01:54","date_gmt":"2022-07-02T14:01:54","guid":{"rendered":"https:\/\/eventos.ifrn.edu.br\/festivalconexoes2022\/?page_id=306"},"modified":"2022-07-04T15:01:51","modified_gmt":"2022-07-04T18:01:51","slug":"notas-informativa","status":"publish","type":"page","link":"https:\/\/eventos.ifrn.edu.br\/festivalconexoes2022\/index.php\/notas-informativa\/","title":{"rendered":"Notas Informativas"},"content":{"rendered":"<p><strong>Can\u00e7\u00f5es em L\u00edngua Estrangeira<\/strong><\/p>\n<p style=\"text-align: justify;\">A comiss\u00e3o geral, com base no regulamento do I Festival Conex\u00f5es: a m\u00fasica autoral do IFRN, vem, atrav\u00e9s desta nota informativa, comunicar, esclarecer e orientar sobre decis\u00e3o tomada em reuni\u00e3o referente a dois pontos fundamentais para as comiss\u00f5es locais dos <em>Campi<\/em> do IFRN.<\/p>\n<p>Clique em baixar para acessar a nota informativa completa: <a href=\"http:\/\/eventos.ifrn.edu.br\/festivalconexoes2022\/wp-content\/uploads\/2022\/07\/NOTA-INFORMATIVA_festival_conexoes.pdf\">Baixar<\/a><\/p>\n<p>&nbsp;<\/p>\n<p><strong>Datas Retificadas<\/strong><\/p>\n<p style=\"text-align: justify;\">A Comiss\u00e3o Geral do Festival Conex\u00f5es: a m\u00fasica autoral do IFRN, considerando um maior prazo para a realiza\u00e7\u00e3o da fase 1 vem, por meio desta nota informativa, retificar as datas referentes a execu\u00e7\u00e3o desta fase, como consta a seguir.<\/p>\n<p>Clique em baixar para poder ter acesso a nota informativa:<a href=\"http:\/\/eventos.ifrn.edu.br\/festivalconexoes2022\/wp-content\/uploads\/2022\/07\/NOTA-INFORMATIVA_festival_datas_retificacao-1.pdf\"> Baixar<\/a><\/p>\n","protected":false},"excerpt":{"rendered":"<p>Can\u00e7\u00f5es em L\u00edngua Estrangeira A comiss\u00e3o geral, com base no regulamento do I Festival Conex\u00f5es: a m\u00fasica autoral do IFRN,&hellip; <\/p>\n","protected":false},"author":3,"featured_media":0,"parent":0,"menu_order":0,"comment_status":"closed","ping_status":"closed","template":"","meta":[],"_links":{"self":[{"href":"https:\/\/eventos.ifrn.edu.br\/festivalconexoes2022\/index.php\/wp-json\/wp\/v2\/pages\/306"}],"collection":[{"href":"https:\/\/eventos.ifrn.edu.br\/festivalconexoes2022\/index.php\/wp-json\/wp\/v2\/pages"}],"about":[{"href":"https:\/\/eventos.ifrn.edu.br\/festivalconexoes2022\/index.php\/wp-json\/wp\/v2\/types\/page"}],"author":[{"embeddable":true,"href":"https:\/\/eventos.ifrn.edu.br\/festivalconexoes2022\/index.php\/wp-json\/wp\/v2\/users\/3"}],"replies":[{"embeddable":true,"href":"https:\/\/eventos.ifrn.edu.br\/festivalconexoes2022\/index.php\/wp-json\/wp\/v2\/comments?post=306"}],"version-history":[{"count":35,"href":"https:\/\/eventos.ifrn.edu.br\/festivalconexoes2022\/index.php\/wp-json\/wp\/v2\/pages\/306\/revisions"}],"predecessor-version":[{"id":355,"href":"https:\/\/eventos.ifrn.edu.br\/festivalconexoes2022\/index.php\/wp-json\/wp\/v2\/pages\/306\/revisions\/355"}],"wp:attachment":[{"href":"https:\/\/eventos.ifrn.edu.br\/festivalconexoes2022\/index.php\/wp-json\/wp\/v2\/media?parent=306"}],"curies":[{"name":"wp","href":"https:\/\/api.w.org\/{rel}","templated":true}]}}