{"id":43,"date":"2022-03-31T11:27:33","date_gmt":"2022-03-31T14:27:33","guid":{"rendered":"https:\/\/eventos.ifrn.edu.br\/festivalconexoes2022\/?page_id=43"},"modified":"2022-05-26T16:40:58","modified_gmt":"2022-05-26T19:40:58","slug":"premiacao","status":"publish","type":"page","link":"https:\/\/eventos.ifrn.edu.br\/festivalconexoes2022\/index.php\/premiacao\/","title":{"rendered":"Premia\u00e7\u00e3o"},"content":{"rendered":"<h2 style=\"text-align: center;\">As premia\u00e7\u00f5es ocorrer\u00e3o em todas as fases:<\/h2>\n<p>\u2022 1\u00aa Fase<\/p>\n<p>Participante com sele\u00e7\u00e3o de primeiro lugar em cada campus do IFRN receber\u00e1 como premia\u00e7\u00e3o o \u201cKit Composi\u00e7\u00e3o\u201d, para incentivo a seu desenvolvimento musical. O kit \u00e9 composto por sacola ecobag, pendrive, pasta cat\u00e1logo, pasta de pl\u00e1stico, caneta, borracha e apontador.<\/p>\n<p>\u2022 2\u00aa Fase<\/p>\n<p style=\"text-align: justify;\">Participante com sele\u00e7\u00e3o de primeiro lugar em cada grupo receber\u00e1 como<br \/>\npremia\u00e7\u00e3o um viol\u00e3o ac\u00fastico com cordas de nylon.<\/p>\n<p>\u2022 3\u00aa Fase (Final)<\/p>\n<p style=\"text-align: justify;\">Ser\u00e3o premiadas os 1\u00ba, 2\u00ba e 3\u00ba lugares. A premia\u00e7\u00e3o corresponde a grava\u00e7\u00e3o das composi\u00e7\u00f5es em est\u00fadio da Universidade Federal do Rio Grande do Norte (UFRN), unidade acad\u00eamica da Escola de M\u00fasica, e divulga\u00e7\u00e3o nas m\u00eddias sociais da institui\u00e7\u00e3o. Entretanto, a 1\u00aa coloca\u00e7\u00e3o ganhar\u00e1 um piano digital por reconhecimento pela sua coloca\u00e7\u00e3o e desempenho no \u201cFestival Conex\u00f5es: a M\u00fasica Autoral do IFRN\u201d.<\/p>\n","protected":false},"excerpt":{"rendered":"<p>As premia\u00e7\u00f5es ocorrer\u00e3o em todas as fases: \u2022 1\u00aa Fase Participante com sele\u00e7\u00e3o de primeiro lugar em cada campus do&hellip; <\/p>\n","protected":false},"author":3,"featured_media":0,"parent":0,"menu_order":0,"comment_status":"closed","ping_status":"closed","template":"","meta":[],"_links":{"self":[{"href":"https:\/\/eventos.ifrn.edu.br\/festivalconexoes2022\/index.php\/wp-json\/wp\/v2\/pages\/43"}],"collection":[{"href":"https:\/\/eventos.ifrn.edu.br\/festivalconexoes2022\/index.php\/wp-json\/wp\/v2\/pages"}],"about":[{"href":"https:\/\/eventos.ifrn.edu.br\/festivalconexoes2022\/index.php\/wp-json\/wp\/v2\/types\/page"}],"author":[{"embeddable":true,"href":"https:\/\/eventos.ifrn.edu.br\/festivalconexoes2022\/index.php\/wp-json\/wp\/v2\/users\/3"}],"replies":[{"embeddable":true,"href":"https:\/\/eventos.ifrn.edu.br\/festivalconexoes2022\/index.php\/wp-json\/wp\/v2\/comments?post=43"}],"version-history":[{"count":13,"href":"https:\/\/eventos.ifrn.edu.br\/festivalconexoes2022\/index.php\/wp-json\/wp\/v2\/pages\/43\/revisions"}],"predecessor-version":[{"id":272,"href":"https:\/\/eventos.ifrn.edu.br\/festivalconexoes2022\/index.php\/wp-json\/wp\/v2\/pages\/43\/revisions\/272"}],"wp:attachment":[{"href":"https:\/\/eventos.ifrn.edu.br\/festivalconexoes2022\/index.php\/wp-json\/wp\/v2\/media?parent=43"}],"curies":[{"name":"wp","href":"https:\/\/api.w.org\/{rel}","templated":true}]}}