{"id":9,"date":"2022-03-31T11:09:33","date_gmt":"2022-03-31T14:09:33","guid":{"rendered":"https:\/\/eventos.ifrn.edu.br\/festivalconexoes2022\/?page_id=9"},"modified":"2022-07-02T11:24:13","modified_gmt":"2022-07-02T14:24:13","slug":"datas-importantes","status":"publish","type":"page","link":"https:\/\/eventos.ifrn.edu.br\/festivalconexoes2022\/index.php\/datas-importantes\/","title":{"rendered":"Datas Importantes"},"content":{"rendered":"<p>&nbsp;<\/p>\n<table>\n<tbody>\n<tr>\n<th style=\"text-align: center;\"><b>Atividade<\/b><\/th>\n<th style=\"text-align: center;\"><b>Data\/Prazo<\/b><\/th>\n<\/tr>\n<tr>\n<td>Lan\u00e7amento do <span style=\"color: #000000;\">Regulamento<\/span><\/td>\n<td style=\"text-align: right;\">30 de mar\u00e7o<\/td>\n<\/tr>\n<tr>\n<td>Per\u00edodo de inscri\u00e7\u00e3o e envio de material<\/td>\n<td style=\"text-align: right;\"><span style=\"color: #ff0000;\">28 de abril \u00e0 10 de junho<\/span><\/td>\n<\/tr>\n<tr>\n<td>Homologa\u00e7\u00e3o das inscri\u00e7\u00f5es<\/td>\n<td style=\"text-align: right;\"><span style=\"color: #ff0000;\">17 de junho<\/span><\/td>\n<\/tr>\n<tr>\n<td>Resultado final das inscri\u00e7\u00f5es<\/td>\n<td style=\"text-align: right;\"><span style=\"color: #ff0000;\">17 de junho<\/span><\/td>\n<\/tr>\n<tr>\n<td>Realiza\u00e7\u00e3o das apresenta\u00e7\u00f5es da fase 1<\/td>\n<td style=\"text-align: right;\"><span style=\"color: #ff0000;\">20 de junho \u00e0 13 de julho<\/span><\/td>\n<\/tr>\n<tr>\n<td>Resultado da fase 1<\/td>\n<td style=\"text-align: right;\"><span style=\"color: #ff0000;\">At\u00e9 03 de Agosto<\/span><\/td>\n<\/tr>\n<tr>\n<td>Interposi\u00e7\u00e3o de recurso<\/td>\n<td style=\"text-align: right;\"><span style=\"color: #ff0000;\">04 e 05 de agosto<\/span><\/td>\n<\/tr>\n<tr>\n<td>Resultado final da fase 1<\/td>\n<td style=\"text-align: right;\"><span style=\"color: #ff0000;\">At\u00e9 09<\/span>\u00a0<span style=\"color: #ff0000;\">de Agosto<\/span><\/td>\n<\/tr>\n<tr>\n<td>Realiza\u00e7\u00e3o das apresenta\u00e7\u00f5es remotas da fase 2<\/td>\n<td style=\"text-align: right;\">1\u00ba \u00e0 31 de agosto<\/td>\n<\/tr>\n<tr>\n<td>Resultado da fase 2 (por grupos)<\/td>\n<td style=\"text-align: right;\">1 de setembro<\/td>\n<\/tr>\n<tr>\n<td>Interposi\u00e7\u00e3o de recurso<\/td>\n<td style=\"text-align: right;\">2 e 3 de setembro<\/td>\n<\/tr>\n<tr>\n<td>Resultado final da fase 2<\/td>\n<td style=\"text-align: right;\">6 de setembro<\/td>\n<\/tr>\n<tr>\n<td>Composi\u00e7\u00e3o de arranjos para a fase final<\/td>\n<td style=\"text-align: right;\">3 de outubro \u00e0 3 de novembro<\/td>\n<\/tr>\n<tr>\n<td>Fase final (<i>Campus<\/i> Jucurutu)<\/td>\n<td style=\"text-align: right;\">23 novembro<\/td>\n<\/tr>\n<\/tbody>\n<\/table>\n","protected":false},"excerpt":{"rendered":"<p>&nbsp; Atividade Data\/Prazo Lan\u00e7amento do Regulamento 30 de mar\u00e7o Per\u00edodo de inscri\u00e7\u00e3o e envio de material 28 de abril \u00e0&hellip; <\/p>\n","protected":false},"author":1,"featured_media":0,"parent":0,"menu_order":0,"comment_status":"closed","ping_status":"closed","template":"","meta":[],"_links":{"self":[{"href":"https:\/\/eventos.ifrn.edu.br\/festivalconexoes2022\/index.php\/wp-json\/wp\/v2\/pages\/9"}],"collection":[{"href":"https:\/\/eventos.ifrn.edu.br\/festivalconexoes2022\/index.php\/wp-json\/wp\/v2\/pages"}],"about":[{"href":"https:\/\/eventos.ifrn.edu.br\/festivalconexoes2022\/index.php\/wp-json\/wp\/v2\/types\/page"}],"author":[{"embeddable":true,"href":"https:\/\/eventos.ifrn.edu.br\/festivalconexoes2022\/index.php\/wp-json\/wp\/v2\/users\/1"}],"replies":[{"embeddable":true,"href":"https:\/\/eventos.ifrn.edu.br\/festivalconexoes2022\/index.php\/wp-json\/wp\/v2\/comments?post=9"}],"version-history":[{"count":26,"href":"https:\/\/eventos.ifrn.edu.br\/festivalconexoes2022\/index.php\/wp-json\/wp\/v2\/pages\/9\/revisions"}],"predecessor-version":[{"id":315,"href":"https:\/\/eventos.ifrn.edu.br\/festivalconexoes2022\/index.php\/wp-json\/wp\/v2\/pages\/9\/revisions\/315"}],"wp:attachment":[{"href":"https:\/\/eventos.ifrn.edu.br\/festivalconexoes2022\/index.php\/wp-json\/wp\/v2\/media?parent=9"}],"curies":[{"name":"wp","href":"https:\/\/api.w.org\/{rel}","templated":true}]}}