{"id":93,"date":"2022-03-31T14:22:29","date_gmt":"2022-03-31T17:22:29","guid":{"rendered":"https:\/\/eventos.ifrn.edu.br\/festivalconexoes2022\/?page_id=93"},"modified":"2022-04-05T00:17:03","modified_gmt":"2022-04-05T03:17:03","slug":"comissoes","status":"publish","type":"page","link":"https:\/\/eventos.ifrn.edu.br\/festivalconexoes2022\/index.php\/comissoes\/","title":{"rendered":"Comiss\u00f5es"},"content":{"rendered":"<h4>Comiss\u00f5es Locais<\/h4>\n<p>Em breve&#8230;<\/p>\n<h4>Comiss\u00e3o Principal<\/h4>\n<p>Em breve&#8230;<\/p>\n<h4 style=\"text-align: center;\">Comiss\u00e3o Geral<\/h4>\n<p>&nbsp;<\/p>\n<p>&nbsp;<\/p>\n<table>\n<tbody>\n<tr>\n<th><img loading=\"lazy\" class=\" wp-image-129 aligncenter\" src=\"http:\/\/eventos.ifrn.edu.br\/festivalconexoes2022\/wp-content\/uploads\/2022\/03\/WhatsApp-Image-2022-03-31-at-16.05.04-218x300.jpeg\" alt=\"Valdier Ribeiro Santos Junior\" width=\"243\" height=\"334\" srcset=\"https:\/\/eventos.ifrn.edu.br\/festivalconexoes2022\/wp-content\/uploads\/2022\/03\/WhatsApp-Image-2022-03-31-at-16.05.04-218x300.jpeg 218w, https:\/\/eventos.ifrn.edu.br\/festivalconexoes2022\/wp-content\/uploads\/2022\/03\/WhatsApp-Image-2022-03-31-at-16.05.04.jpeg 436w\" sizes=\"(max-width: 243px) 100vw, 243px\" \/><\/p>\n<p style=\"text-align: center;\">Valdier Ribeiro Santos Junior (presidente)<\/p>\n<\/th>\n<th><img loading=\"lazy\" class=\"wp-image-136 aligncenter\" src=\"http:\/\/eventos.ifrn.edu.br\/festivalconexoes2022\/wp-content\/uploads\/2022\/03\/WhatsApp-Image-2022-03-31-at-17.30.17-225x300.jpeg\" alt=\"Leandro\u00a0Augusto e Silva Miranda Cavalcante\" width=\"247\" height=\"329\" srcset=\"https:\/\/eventos.ifrn.edu.br\/festivalconexoes2022\/wp-content\/uploads\/2022\/03\/WhatsApp-Image-2022-03-31-at-17.30.17-225x300.jpeg 225w, https:\/\/eventos.ifrn.edu.br\/festivalconexoes2022\/wp-content\/uploads\/2022\/03\/WhatsApp-Image-2022-03-31-at-17.30.17-768x1024.jpeg 768w, https:\/\/eventos.ifrn.edu.br\/festivalconexoes2022\/wp-content\/uploads\/2022\/03\/WhatsApp-Image-2022-03-31-at-17.30.17-1152x1536.jpeg 1152w, https:\/\/eventos.ifrn.edu.br\/festivalconexoes2022\/wp-content\/uploads\/2022\/03\/WhatsApp-Image-2022-03-31-at-17.30.17.jpeg 1200w\" sizes=\"(max-width: 247px) 100vw, 247px\" \/><\/p>\n<p style=\"text-align: center;\">Leandro\u00a0Augusto e Silva Miranda Cavalcante (vice-presidente)<\/p>\n<\/th>\n<\/tr>\n<tr>\n<th><img loading=\"lazy\" class=\"size-medium wp-image-145 aligncenter\" src=\"http:\/\/eventos.ifrn.edu.br\/festivalconexoes2022\/wp-content\/uploads\/2022\/04\/WhatsApp-Image-2022-04-01-at-09.02.13-300x300.jpeg\" alt=\"Alanderson Maxson Ferreira do Nascimento\" width=\"300\" height=\"300\" srcset=\"https:\/\/eventos.ifrn.edu.br\/festivalconexoes2022\/wp-content\/uploads\/2022\/04\/WhatsApp-Image-2022-04-01-at-09.02.13-300x300.jpeg 300w, https:\/\/eventos.ifrn.edu.br\/festivalconexoes2022\/wp-content\/uploads\/2022\/04\/WhatsApp-Image-2022-04-01-at-09.02.13-150x150.jpeg 150w, https:\/\/eventos.ifrn.edu.br\/festivalconexoes2022\/wp-content\/uploads\/2022\/04\/WhatsApp-Image-2022-04-01-at-09.02.13.jpeg 597w\" sizes=\"(max-width: 300px) 100vw, 300px\" \/><\/p>\n<p style=\"text-align: center;\">Alanderson Maxson Ferreira do Nascimento<\/p>\n<\/th>\n<th><img loading=\"lazy\" class=\"wp-image-146 aligncenter\" src=\"http:\/\/eventos.ifrn.edu.br\/festivalconexoes2022\/wp-content\/uploads\/2022\/04\/WhatsApp-Image-2022-03-31-at-15.54.37-300x169.jpeg\" alt=\"Ana Claudia da Silva Morais\" width=\"379\" height=\"213\" srcset=\"https:\/\/eventos.ifrn.edu.br\/festivalconexoes2022\/wp-content\/uploads\/2022\/04\/WhatsApp-Image-2022-03-31-at-15.54.37-300x169.jpeg 300w, https:\/\/eventos.ifrn.edu.br\/festivalconexoes2022\/wp-content\/uploads\/2022\/04\/WhatsApp-Image-2022-03-31-at-15.54.37-1024x575.jpeg 1024w, https:\/\/eventos.ifrn.edu.br\/festivalconexoes2022\/wp-content\/uploads\/2022\/04\/WhatsApp-Image-2022-03-31-at-15.54.37-768x431.jpeg 768w, https:\/\/eventos.ifrn.edu.br\/festivalconexoes2022\/wp-content\/uploads\/2022\/04\/WhatsApp-Image-2022-03-31-at-15.54.37.jpeg 1280w\" sizes=\"(max-width: 379px) 100vw, 379px\" \/><\/p>\n<p style=\"text-align: center;\">Ana Claudia da Silva Morais<\/p>\n<\/th>\n<\/tr>\n<tr>\n<th><img loading=\"lazy\" class=\"size-medium wp-image-154 aligncenter\" src=\"http:\/\/eventos.ifrn.edu.br\/festivalconexoes2022\/wp-content\/uploads\/2022\/04\/WhatsApp-Image-2022-04-01-at-09.22.42-300x300.jpeg\" alt=\"Andrey Azevedo dos Santos\" width=\"300\" height=\"300\" srcset=\"https:\/\/eventos.ifrn.edu.br\/festivalconexoes2022\/wp-content\/uploads\/2022\/04\/WhatsApp-Image-2022-04-01-at-09.22.42-300x300.jpeg 300w, https:\/\/eventos.ifrn.edu.br\/festivalconexoes2022\/wp-content\/uploads\/2022\/04\/WhatsApp-Image-2022-04-01-at-09.22.42-1024x1024.jpeg 1024w, https:\/\/eventos.ifrn.edu.br\/festivalconexoes2022\/wp-content\/uploads\/2022\/04\/WhatsApp-Image-2022-04-01-at-09.22.42-150x150.jpeg 150w, https:\/\/eventos.ifrn.edu.br\/festivalconexoes2022\/wp-content\/uploads\/2022\/04\/WhatsApp-Image-2022-04-01-at-09.22.42-768x769.jpeg 768w, https:\/\/eventos.ifrn.edu.br\/festivalconexoes2022\/wp-content\/uploads\/2022\/04\/WhatsApp-Image-2022-04-01-at-09.22.42.jpeg 1279w\" sizes=\"(max-width: 300px) 100vw, 300px\" \/><\/p>\n<p style=\"text-align: center;\">Andrey Azevedo dos Santos<\/p>\n<\/th>\n<th><img loading=\"lazy\" class=\" wp-image-147 aligncenter\" src=\"http:\/\/eventos.ifrn.edu.br\/festivalconexoes2022\/wp-content\/uploads\/2022\/04\/WhatsApp-Image-2022-03-31-at-16.05.54-300x300.jpeg\" alt=\"Artur Fabiano Ara\u00fajo de Albuquerque\" width=\"275\" height=\"275\" srcset=\"https:\/\/eventos.ifrn.edu.br\/festivalconexoes2022\/wp-content\/uploads\/2022\/04\/WhatsApp-Image-2022-03-31-at-16.05.54-300x300.jpeg 300w, https:\/\/eventos.ifrn.edu.br\/festivalconexoes2022\/wp-content\/uploads\/2022\/04\/WhatsApp-Image-2022-03-31-at-16.05.54-150x150.jpeg 150w, https:\/\/eventos.ifrn.edu.br\/festivalconexoes2022\/wp-content\/uploads\/2022\/04\/WhatsApp-Image-2022-03-31-at-16.05.54.jpeg 640w\" sizes=\"(max-width: 275px) 100vw, 275px\" \/><\/p>\n<p style=\"text-align: center;\">Artur Fabiano Ara\u00fajo de Albuquerque<\/p>\n<\/th>\n<\/tr>\n<tr>\n<th><img loading=\"lazy\" class=\" wp-image-148 aligncenter\" src=\"http:\/\/eventos.ifrn.edu.br\/festivalconexoes2022\/wp-content\/uploads\/2022\/04\/WhatsApp-Image-2022-03-31-at-16.13.47-235x300.jpeg\" alt=\"Bianca Maria Mac\u00eado da Silva\" width=\"228\" height=\"291\" srcset=\"https:\/\/eventos.ifrn.edu.br\/festivalconexoes2022\/wp-content\/uploads\/2022\/04\/WhatsApp-Image-2022-03-31-at-16.13.47-235x300.jpeg 235w, https:\/\/eventos.ifrn.edu.br\/festivalconexoes2022\/wp-content\/uploads\/2022\/04\/WhatsApp-Image-2022-03-31-at-16.13.47-802x1024.jpeg 802w, https:\/\/eventos.ifrn.edu.br\/festivalconexoes2022\/wp-content\/uploads\/2022\/04\/WhatsApp-Image-2022-03-31-at-16.13.47-768x980.jpeg 768w, https:\/\/eventos.ifrn.edu.br\/festivalconexoes2022\/wp-content\/uploads\/2022\/04\/WhatsApp-Image-2022-03-31-at-16.13.47.jpeg 1003w\" sizes=\"(max-width: 228px) 100vw, 228px\" \/><\/p>\n<p style=\"text-align: center;\">Bianca Maria Mac\u00eado da Silva<\/p>\n<\/th>\n<th><img loading=\"lazy\" class=\" wp-image-153 aligncenter\" src=\"http:\/\/eventos.ifrn.edu.br\/festivalconexoes2022\/wp-content\/uploads\/2022\/04\/WhatsApp-Image-2022-04-01-at-09.13.47-300x225.jpeg\" alt=\"Elizangela dos Santos Garcia\" width=\"331\" height=\"248\" srcset=\"https:\/\/eventos.ifrn.edu.br\/festivalconexoes2022\/wp-content\/uploads\/2022\/04\/WhatsApp-Image-2022-04-01-at-09.13.47-300x225.jpeg 300w, https:\/\/eventos.ifrn.edu.br\/festivalconexoes2022\/wp-content\/uploads\/2022\/04\/WhatsApp-Image-2022-04-01-at-09.13.47-1024x768.jpeg 1024w, https:\/\/eventos.ifrn.edu.br\/festivalconexoes2022\/wp-content\/uploads\/2022\/04\/WhatsApp-Image-2022-04-01-at-09.13.47-768x576.jpeg 768w, https:\/\/eventos.ifrn.edu.br\/festivalconexoes2022\/wp-content\/uploads\/2022\/04\/WhatsApp-Image-2022-04-01-at-09.13.47.jpeg 1280w\" sizes=\"(max-width: 331px) 100vw, 331px\" \/><\/p>\n<p style=\"text-align: center;\">Elizangela dos Santos Garcia<\/p>\n<\/th>\n<\/tr>\n<tr>\n<th><img loading=\"lazy\" class=\"size-medium wp-image-149 aligncenter\" src=\"http:\/\/eventos.ifrn.edu.br\/festivalconexoes2022\/wp-content\/uploads\/2022\/04\/WhatsApp-Image-2022-04-01-at-09.07.13-300x300.jpeg\" alt=\"Gleison Costa dos Santos\" width=\"300\" height=\"300\" srcset=\"https:\/\/eventos.ifrn.edu.br\/festivalconexoes2022\/wp-content\/uploads\/2022\/04\/WhatsApp-Image-2022-04-01-at-09.07.13-300x300.jpeg 300w, https:\/\/eventos.ifrn.edu.br\/festivalconexoes2022\/wp-content\/uploads\/2022\/04\/WhatsApp-Image-2022-04-01-at-09.07.13-150x150.jpeg 150w, https:\/\/eventos.ifrn.edu.br\/festivalconexoes2022\/wp-content\/uploads\/2022\/04\/WhatsApp-Image-2022-04-01-at-09.07.13.jpeg 720w\" sizes=\"(max-width: 300px) 100vw, 300px\" \/><\/p>\n<p style=\"text-align: center;\">Gleison Costa dos Santos<\/p>\n<\/th>\n<th><img loading=\"lazy\" class=\"size-medium wp-image-150 aligncenter\" src=\"http:\/\/eventos.ifrn.edu.br\/festivalconexoes2022\/wp-content\/uploads\/2022\/04\/WhatsApp-Image-2022-03-31-at-19.56.54-225x300.jpeg\" alt=\"Jakson Ney da Costa Reis\" width=\"225\" height=\"300\" srcset=\"https:\/\/eventos.ifrn.edu.br\/festivalconexoes2022\/wp-content\/uploads\/2022\/04\/WhatsApp-Image-2022-03-31-at-19.56.54-225x300.jpeg 225w, https:\/\/eventos.ifrn.edu.br\/festivalconexoes2022\/wp-content\/uploads\/2022\/04\/WhatsApp-Image-2022-03-31-at-19.56.54.jpeg 300w\" sizes=\"(max-width: 225px) 100vw, 225px\" \/><\/p>\n<p style=\"text-align: center;\">Jakson Ney da Costa Reis<\/p>\n<\/th>\n<\/tr>\n<tr>\n<th><img loading=\"lazy\" class=\"size-medium wp-image-151 aligncenter\" src=\"http:\/\/eventos.ifrn.edu.br\/festivalconexoes2022\/wp-content\/uploads\/2022\/04\/WhatsApp-Image-2022-03-31-at-16.00.59-300x300.jpeg\" alt=\"Jo\u00e3o Gomes da Rocha\" width=\"300\" height=\"300\" srcset=\"https:\/\/eventos.ifrn.edu.br\/festivalconexoes2022\/wp-content\/uploads\/2022\/04\/WhatsApp-Image-2022-03-31-at-16.00.59-300x300.jpeg 300w, https:\/\/eventos.ifrn.edu.br\/festivalconexoes2022\/wp-content\/uploads\/2022\/04\/WhatsApp-Image-2022-03-31-at-16.00.59-150x150.jpeg 150w, https:\/\/eventos.ifrn.edu.br\/festivalconexoes2022\/wp-content\/uploads\/2022\/04\/WhatsApp-Image-2022-03-31-at-16.00.59-768x768.jpeg 768w, https:\/\/eventos.ifrn.edu.br\/festivalconexoes2022\/wp-content\/uploads\/2022\/04\/WhatsApp-Image-2022-03-31-at-16.00.59.jpeg 886w\" sizes=\"(max-width: 300px) 100vw, 300px\" \/><\/p>\n<p style=\"text-align: center;\">Jo\u00e3o Gomes da Rocha<\/p>\n<\/th>\n<th><img loading=\"lazy\" class=\"size-medium wp-image-152 aligncenter\" src=\"http:\/\/eventos.ifrn.edu.br\/festivalconexoes2022\/wp-content\/uploads\/2022\/04\/WhatsApp-Image-2022-03-31-at-16.00.45-300x300.jpeg\" alt=\"Michelle Pinheiro Carvalho de Assis\" width=\"300\" height=\"300\" srcset=\"https:\/\/eventos.ifrn.edu.br\/festivalconexoes2022\/wp-content\/uploads\/2022\/04\/WhatsApp-Image-2022-03-31-at-16.00.45-300x300.jpeg 300w, https:\/\/eventos.ifrn.edu.br\/festivalconexoes2022\/wp-content\/uploads\/2022\/04\/WhatsApp-Image-2022-03-31-at-16.00.45-150x150.jpeg 150w, https:\/\/eventos.ifrn.edu.br\/festivalconexoes2022\/wp-content\/uploads\/2022\/04\/WhatsApp-Image-2022-03-31-at-16.00.45-768x768.jpeg 768w, https:\/\/eventos.ifrn.edu.br\/festivalconexoes2022\/wp-content\/uploads\/2022\/04\/WhatsApp-Image-2022-03-31-at-16.00.45.jpeg 886w\" sizes=\"(max-width: 300px) 100vw, 300px\" \/><\/p>\n<p style=\"text-align: center;\">Michelle Pinheiro Carvalho de Assis<\/p>\n<\/th>\n<\/tr>\n<\/tbody>\n<\/table>\n<h4 style=\"text-align: center;\">Comiss\u00f5es Locais<\/h4>\n<ul>\n<li><strong><i>Campus<\/i> Apodi<\/strong><\/li>\n<li>Dan\u00fabio Gomes da Silva<\/li>\n<\/ul>\n<ul>\n<li><strong><i>Campus<\/i> Caic\u00f3<\/strong><\/li>\n<li>Jo\u00e3o Gomes<\/li>\n<li>Gerluzia Azevedo<\/li>\n<li>Ricardo Pereira<\/li>\n<\/ul>\n<ul>\n<li><strong><i>Campus<\/i> Canguaretama<\/strong><\/li>\n<li>Ana Claudia Morais<\/li>\n<li>Bruno Gomes de Ara\u00fajo<\/li>\n<li>Bruno de Souza Maggi<\/li>\n<li>Jacione Borges de Souza<\/li>\n<li>Pollyanna Brand\u00e3o<\/li>\n<li>Vin\u00edcius Cruz<\/li>\n<li>Emylly Aparecida da Silva<\/li>\n<\/ul>\n<ul>\n<li><strong><i>Campus<\/i> Cear\u00e1 Mirim<\/strong><\/li>\n<li>A definir<\/li>\n<\/ul>\n<ul>\n<li><strong><i>Campus<\/i> Currais Novos<\/strong><\/li>\n<li>Andrey Azevedo<\/li>\n<li>Edson de Souza Neto<\/li>\n<li>Maria Jahynne Santos<\/li>\n<li>Adriana Assis de Aquino<\/li>\n<\/ul>\n<ul>\n<li><strong><i>Campus<\/i> Ipangua\u00e7u<\/strong><\/li>\n<li>Aja Devi Goes<\/li>\n<li>Natalia Maximo e Melo<\/li>\n<li>Rafael Alves Pinheiro<\/li>\n<li>Valdemiro Severiano Filho<\/li>\n<li>Rodrigo Marley Lima<\/li>\n<li>Ivyson Nathan B Silva<\/li>\n<li>Ana Helena Alves Cosme<\/li>\n<\/ul>\n<ul>\n<li><strong><i>Campus<\/i> Jo\u00e3o C\u00e2mara<\/strong><\/li>\n<li>Leandro Cavalcante<\/li>\n<li>Marilson Donizetti Silvino<\/li>\n<li>Abraao Lincoln Frazao<\/li>\n<li>Pablo Souza<\/li>\n<li>Izabel Costa<\/li>\n<\/ul>\n<ul>\n<li><strong><i>Campus<\/i> Jucurutu<\/strong><\/li>\n<li>Jo\u00e3o Gomes<\/li>\n<li>Luciana Real Limeira<\/li>\n<li>Ozenir Silva Junior<\/li>\n<li>Rute Carolina Benigno<\/li>\n<\/ul>\n<ul>\n<li><strong><i>Campus<\/i> Lajes<\/strong><\/li>\n<li>Ariela Fernandes Sales<\/li>\n<li>Fernando Soares<\/li>\n<li>Eugenio Ribeiro Silva<\/li>\n<li>Larissa Rodrigues<\/li>\n<\/ul>\n<ul>\n<li><strong><i>Campus<\/i> Macau<\/strong><\/li>\n<li>Alanderson Maxson<\/li>\n<li>Ferreira do Nascimento<\/li>\n<li>Janaina Maria Gon\u00e7alves<\/li>\n<li>Francisco Leandro Torres<\/li>\n<li>Jairo de Souza Moura<\/li>\n<\/ul>\n<ul>\n<li><strong><i>Campus<\/i> Mossor\u00f3<\/strong><\/li>\n<li>A definir<\/li>\n<\/ul>\n<ul>\n<li><strong><i>Campus<\/i> Natal-Central<\/strong><\/li>\n<li>L\u00facia de F\u00e1tima Costa<\/li>\n<li>Andrezza Tavares<\/li>\n<li>Asley Tendsom Santos<\/li>\n<li>Davi Severiano Silva<\/li>\n<li>Fabio Alexandre Santos<\/li>\n<li>Le\u00e3o Xavier da Costa Neto<\/li>\n<li>Valdier J\u00fanior<\/li>\n<\/ul>\n<ul>\n<li><strong><i>Campus<\/i> Natal-Cidade Alta<\/strong><\/li>\n<li>\u00c9mille Cristina de Ara\u00fajo<\/li>\n<li>Ielson Luiz Fonseca<\/li>\n<li>Isaac Samir Cortez de Melo<\/li>\n<li>Keila Fonseca e Silva<\/li>\n<li>Maria Rafaella Marques<\/li>\n<li>Mikaline Rodrigues<\/li>\n<li>Patricia Daliany Araujo<\/li>\n<li>Paulo Guilherne Muniz<\/li>\n<li>Sandoval Villaverde<\/li>\n<li>Valterlei Borges de Ara\u00fajo<\/li>\n<\/ul>\n<ul>\n<li><strong><i>Campus<\/i> Natal-Zona Leste<\/strong><\/li>\n<li>Gueidson Pessoa de Lima (2052191) &#8211; Presidente<\/li>\n<li>Allen Gardel Dantas de Luna (2672935) \u2013 Membro<\/li>\n<li>Ana Lucia Sarmento Henrique (277143) \u2013 Membro<\/li>\n<li>Fernando Lu\u00eds Dias Varella (2615931) \u2013 Membro<\/li>\n<li>Patr\u00edcia Carla de Macedo Chagas (1449655) &#8211; Membro<\/li>\n<\/ul>\n<ul>\n<li><strong><i>Campus<\/i> Natal- Zona-Norte<\/strong><\/li>\n<li>Niwerton Bezerra de Mota<\/li>\n<li>Tulho Siqueira<\/li>\n<li>Zildalte Ramos de Macedo<\/li>\n<\/ul>\n<ul>\n<li><strong><i>Campus<\/i> Nova Cruz<\/strong><\/li>\n<li>Artur Albuquerque<\/li>\n<li>Cristiane de Brito Cruz<\/li>\n<li>Carlos Sarmento<\/li>\n<li>Herik Dantas de Lima<\/li>\n<li>Sidney Ribeiro Palmeira<\/li>\n<\/ul>\n<ul>\n<li><strong><i>Campus<\/i> Parelhas<\/strong><\/li>\n<li>Diego Martin Bravo<\/li>\n<\/ul>\n<ul>\n<li><strong><i>Campus<\/i> Parnamirim<\/strong><\/li>\n<li>A definir<\/li>\n<\/ul>\n<ul>\n<li><strong><i>Campus<\/i> Pau dos Ferros<\/strong><\/li>\n<li>Gleison Costa dos Santos<\/li>\n<li>Antonio Cleonildo Costa<\/li>\n<li>Claudia Simone Cavalcanti<\/li>\n<li>Emanuel Alves Leite<\/li>\n<li>J\u00falio C\u00e9sar Nunes Ara\u00fajo<\/li>\n<li>Lucas David Nunes Silva<\/li>\n<li>Ruanna Lima<\/li>\n<\/ul>\n<ul>\n<li><strong><i>Campus<\/i> Santa Cruz<\/strong><\/li>\n<li>Ana Luiza Palhano<\/li>\n<li>Campos Silva<\/li>\n<li>Victor Oliveira da Mota<\/li>\n<li>Rodrigo Lopes Barreto<\/li>\n<\/ul>\n<ul>\n<li><strong><i>Campus<\/i> S\u00e3o Gon\u00e7alo do Amarante<\/strong><\/li>\n<li>Joao Damasceno<\/li>\n<li>Martha Regina da Silva<\/li>\n<li>Carvalho Gurgel<\/li>\n<li>Maria das Gra\u00e7as Santos<\/li>\n<\/ul>\n<ul>\n<li><strong><i>Campus<\/i> S\u00e3o Paulo do Potengi<\/strong><\/li>\n<li>Bruno de Paula Barbosa<\/li>\n<li>Heitor Bruno de Ara\u00fajo Souza<\/li>\n<li>Italo Marco Silva Costa<\/li>\n<\/ul>\n","protected":false},"excerpt":{"rendered":"<p>Comiss\u00f5es Locais Em breve&#8230; Comiss\u00e3o Principal Em breve&#8230; Comiss\u00e3o Geral &nbsp; &nbsp; Valdier Ribeiro Santos Junior (presidente) Leandro\u00a0Augusto e Silva&hellip; <\/p>\n","protected":false},"author":1,"featured_media":0,"parent":0,"menu_order":0,"comment_status":"closed","ping_status":"closed","template":"","meta":[],"_links":{"self":[{"href":"https:\/\/eventos.ifrn.edu.br\/festivalconexoes2022\/index.php\/wp-json\/wp\/v2\/pages\/93"}],"collection":[{"href":"https:\/\/eventos.ifrn.edu.br\/festivalconexoes2022\/index.php\/wp-json\/wp\/v2\/pages"}],"about":[{"href":"https:\/\/eventos.ifrn.edu.br\/festivalconexoes2022\/index.php\/wp-json\/wp\/v2\/types\/page"}],"author":[{"embeddable":true,"href":"https:\/\/eventos.ifrn.edu.br\/festivalconexoes2022\/index.php\/wp-json\/wp\/v2\/users\/1"}],"replies":[{"embeddable":true,"href":"https:\/\/eventos.ifrn.edu.br\/festivalconexoes2022\/index.php\/wp-json\/wp\/v2\/comments?post=93"}],"version-history":[{"count":30,"href":"https:\/\/eventos.ifrn.edu.br\/festivalconexoes2022\/index.php\/wp-json\/wp\/v2\/pages\/93\/revisions"}],"predecessor-version":[{"id":106,"href":"https:\/\/eventos.ifrn.edu.br\/festivalconexoes2022\/index.php\/wp-json\/wp\/v2\/pages\/93\/revisions\/106"}],"wp:attachment":[{"href":"https:\/\/eventos.ifrn.edu.br\/festivalconexoes2022\/index.php\/wp-json\/wp\/v2\/media?parent=93"}],"curies":[{"name":"wp","href":"https:\/\/api.w.org\/{rel}","templated":true}]}}